{"id":1132,"date":"2015-12-22T16:20:33","date_gmt":"2015-12-22T15:20:33","guid":{"rendered":""},"modified":"2021-01-19T10:16:03","modified_gmt":"2021-01-19T09:16:03","slug":"listings-no-map","status":"publish","type":"page","link":"https:\/\/web2.schoolaboo.com\/de\/listings-no-map\/","title":{"rendered":"Schulen ohne Karte"},"content":{"rendered":"<div class=\"text-container\">\n<h1>\u00dcbersicht aller Privatschulen der Schweiz<\/h1>\n<h2>W\u00e4hle den passenden Kanton und die Kategorie aus und finde deine Schule in der Schweiz<\/h2>\n<p>W\u00e4hle mit dem Filter den Kanton, in dem du eine Privatschule suchst. Du kannst zudem die Ergebnisse verfeinern, wenn du zus\u00e4tzlich eine Kategorie ausw\u00e4hlst, die beispielsweise deine Schulstufe oder den beabsichtigten Abschluss betrifft. Suchst du z.B. ein Internat in der Schweiz, w\u00e4hle diese Kategorie ohne einen Kanton einzugeben. Es erscheinen alle Schweizer Internate. M\u00f6glicherweise musst du jedoch unten auf der Seite auf die Seitenzahlen dr\u00fccken, um dir weitere Internate anzeigen zu lassen. Du willst dich lieber pers\u00f6nlich bez\u00fcglich der besten Option f\u00fcr dich oder dein Kind beraten lassen? <span style=\"color: #99cc00;\"><a style=\"color: #99cc00;\" href=\"https:\/\/web2.schoolaboo.com\/beratung-fuer-eltern-und-jugendliche\/\" target=\"_blank\" rel=\"noopener noreferrer\">Kontaktiere uns.<\/a><\/span><\/p>\n<\/div>\n<div class=\"job_listings\" data-location=\"\" data-keywords=\"\" data-show_filters=\"true\" data-show_pagination=\"true\" data-per_page=\"42\" data-orderby=\"featured\" data-order=\"DESC\" data-categories=\"\" data-disable-form-state-storage=\"\" data-featured_first=\"false\" data-post_id=\"1132\" ><div class=\"myflex no-map\">\n\n\t<form class=\"job_filters\">\n\t\t\n\t\t<a href=\"#\" class=\"findme  js-find-me\"><\/a>\n\n\t\t<div class=\"search_jobs\">\n\t\t\t\t\t\t<input type=\"hidden\" name=\"search_keywords\" id=\"search_keywords\" value=\"\"\/>\n\n\t\t\t<div class=\"search_location\">\n\t\t\t\t<label for=\"search_location\">Location<\/label>\n\t\t\t\t<input type=\"text\" name=\"search_location\" id=\"search_location\"\n\t\t\t\t       placeholder=\"Location\"\n\t\t\t\t       value=\"\"\/>\n\t\t\t<\/div>\n\n\t\t\t<div class=\"select-categories\">\n\t\t\t\t\n\t\t\t\t\t<div class=\"search_categories\">\n\t\t\t\t\t\t<label for=\"search_categories\">Category<\/label>\n\t\t\t\t\t\t<select name='search_categories[]' id='search_categories' class='job-manager-category-dropdown '  data-placeholder='W\u00e4hle eine Kategorie&hellip;' data-no_results_text='Keine passenden Ergebnisse' data-multiple_text='Optionen ausw\u00e4hlen'>\n<option value=\"\">Any category<\/option>\t<option class=\"level-0\" value=\"108\">Amerikanisches Schulprogramm (CEEB)<\/option>\n\t<option class=\"level-0\" value=\"252\">Berufsmatura<\/option>\n\t<option class=\"level-0\" value=\"871\">Bilingual<\/option>\n\t<option class=\"level-0\" value=\"119\">Bilingualer Abschluss<\/option>\n\t<option class=\"level-0\" value=\"141\">Br\u00fcckenangebot<\/option>\n\t<option class=\"level-0\" value=\"136\">Cambridge Diplom<\/option>\n\t<option class=\"level-0\" value=\"112\">Deutsche Abteilung (Abitur)<\/option>\n\t<option class=\"level-0\" value=\"109\">Englisches Schulprogramm (GCE &quot;A&quot; Level)<\/option>\n\t<option class=\"level-0\" value=\"114\">Fachmittelschule\/Handelsmittelschule<\/option>\n\t<option class=\"level-0\" value=\"110\">Franz\u00f6sisches Schulprogramm (Baccalaur\u00e9at)<\/option>\n\t<option class=\"level-0\" value=\"132\">Gymnasium<\/option>\n\t<option class=\"level-0\" value=\"226\">H\u00f6here Fachschule<\/option>\n\t<option class=\"level-0\" value=\"113\">Internat<\/option>\n\t<option class=\"level-0\" value=\"124\">International Baccalaureat<\/option>\n\t<option class=\"level-0\" value=\"130\">International General Certificate of Secondary Education<\/option>\n\t<option class=\"level-0\" value=\"103\">Kindergarten<\/option>\n\t<option class=\"level-0\" value=\"229\">Kinderkrippe<\/option>\n\t<option class=\"level-0\" value=\"139\">Mehrsprachiger Unterricht<\/option>\n\t<option class=\"level-0\" value=\"253\">Nachhilfe<\/option>\n\t<option class=\"level-0\" value=\"866\">Passerelle<\/option>\n\t<option class=\"level-0\" value=\"99\">Primar (6-12 Jahre)<\/option>\n\t<option class=\"level-0\" value=\"140\">Schweizer Maturit\u00e4t<\/option>\n\t<option class=\"level-0\" value=\"76\">Sekundarstufe 1 (12-15 Jahre)<\/option>\n\t<option class=\"level-0\" value=\"102\">Sekundarstufe 2 (16-19 Jahre)<\/option>\n\t<option class=\"level-0\" value=\"107\">Sportschule<\/option>\n\t<option class=\"level-0\" value=\"227\">Sprachschule<\/option>\n\t<option class=\"level-0\" value=\"115\">Tagesschule<\/option>\n\t<option class=\"level-0\" value=\"117\">Talentschule<\/option>\n\t<option class=\"level-0\" value=\"131\">Unterrichtssprache Englisch<\/option>\n\t<option class=\"level-0\" value=\"251\">Weiterbildung<\/option>\n\t<option class=\"level-1\" value=\"268\">&nbsp;&nbsp;&nbsp;Hotelfach<\/option>\n\t<option class=\"level-1\" value=\"270\">&nbsp;&nbsp;&nbsp;Management<\/option>\n\t<option class=\"level-1\" value=\"269\">&nbsp;&nbsp;&nbsp;P\u00e4dagogik<\/option>\n\t<option class=\"level-1\" value=\"271\">&nbsp;&nbsp;&nbsp;Technik<\/option>\n\t<option class=\"level-1\" value=\"272\">&nbsp;&nbsp;&nbsp;Tourismus<\/option>\n<\/select>\n\t\t\t\t\t<\/div>\n\n\t\t\t\t\t\t\t<\/div><!-- .select-categories -->\n\t\t\t\t\t<\/div><!-- .search_jobs -->\n\n\t\t<div class=\"mobile-buttons\">\n\t\t\t<button class=\"btn btn--filter\">Filter\t\t\t\t<span>Listings<\/span><\/button>\n\t\t\t<button class=\"btn btn--view btn--view-map\"><span>Map View<\/span>\n\t\t\t<\/button>\n\t\t\t<button class=\"btn btn--view btn--view-cards\">\n\t\t\t\t<span>Cards View <\/span><\/button>\n\t\t<\/div>\n\n\t\t\t<ul class=\"job_types\">\n\t\t\t\t\t<li><label for=\"job_type_internate\" class=\"internat\"><input type=\"checkbox\" name=\"filter_job_type[]\" value=\"internate\"  checked='checked' id=\"job_type_internate\" \/> Internat<\/label><\/li>\n\t\t\t\t\t<li><label for=\"job_type_kindergarten\" class=\"kindergarten-4-6-jahre\"><input type=\"checkbox\" name=\"filter_job_type[]\" value=\"kindergarten\"  checked='checked' id=\"job_type_kindergarten\" \/> Kindergarten (4-6 Jahre)<\/label><\/li>\n\t\t\t\t\t<li><label for=\"job_type_primarschule\" class=\"primarschule-7-12jahre\"><input type=\"checkbox\" name=\"filter_job_type[]\" value=\"primarschule\"  checked='checked' id=\"job_type_primarschule\" \/> Primarschule (7-12Jahre)<\/label><\/li>\n\t\t\t\t\t<li><label for=\"job_type_sekundarstufe_1\" class=\"sekundarstufe-1-13-16-jahre\"><input type=\"checkbox\" name=\"filter_job_type[]\" value=\"sekundarstufe_1\"  checked='checked' id=\"job_type_sekundarstufe_1\" \/> Sekundarstufe 1 (13-16 Jahre)<\/label><\/li>\n\t\t\t\t\t<li><label for=\"job_type_sekundarstufe_2\" class=\"sekundarstufe-2-16-19-jahre\"><input type=\"checkbox\" name=\"filter_job_type[]\" value=\"sekundarstufe_2\"  checked='checked' id=\"job_type_sekundarstufe_2\" \/> Sekundarstufe 2 (16-19 Jahre)<\/label><\/li>\n\t\t\t\t\t<li><label for=\"job_type_tertiaerausbildung\" class=\"tertiaerausbildung\"><input type=\"checkbox\" name=\"filter_job_type[]\" value=\"tertiaerausbildung\"  checked='checked' id=\"job_type_tertiaerausbildung\" \/> Terti\u00e4rausbildung<\/label><\/li>\n\t\t\t\t\t<li><label for=\"job_type_vorkindergarten\" class=\"vorkindergarten\"><input type=\"checkbox\" name=\"filter_job_type[]\" value=\"vorkindergarten\"  checked='checked' id=\"job_type_vorkindergarten\" \/> Vorkindergarten<\/label><\/li>\n\t\t\t<\/ul>\n\t<input type=\"hidden\" name=\"filter_job_type[]\" value=\"\" \/>\n<div class=\"showing_jobs\"><\/div>\n\t<\/form><!-- .job_filter -->\n\n\t\n\t<noscript>Your browser does not support JavaScript, or it is disabled. JavaScript must be enabled in order to view listings.<\/noscript>\n\n\n<div class=\"grid list job_listings\">\n\n\n\n<\/div><!-- .grid.list.job_listings -->\n<svg class=\"loader\" width=\"40px\" height=\"40px\" viewBox=\"0 0 40 40\" version=\"1.1\" xmlns=\"http:\/\/www.w3.org\/2000\/svg\" xmlns:xlink=\"http:\/\/www.w3.org\/1999\/xlink\">\n    <defs>\n        <linearGradient x1=\"50%\" y1=\"7.52257671%\" x2=\"50%\" y2=\"100%\" id=\"linearGradient-1\">\n            <stop stop-color=\"currentColor\" stop-opacity=\"0.5\" offset=\"0%\"><\/stop>\n            <stop stop-color=\"currentColor\" stop-opacity=\"0\" offset=\"100%\"><\/stop>\n        <\/linearGradient>\n        <linearGradient x1=\"50%\" y1=\"7.70206696%\" x2=\"50%\" y2=\"100%\" id=\"linearGradient-2\">\n            <stop stop-color=\"currentColor\" stop-opacity=\"0.5\" offset=\"0%\"><\/stop>\n            <stop stop-color=\"currentColor\" offset=\"100%\"><\/stop>\n        <\/linearGradient>\n    <\/defs>\n    <g id=\"Page-1\" stroke=\"none\" stroke-width=\"1\" fill=\"none\" fill-rule=\"evenodd\">\n        <g>\n            <path d=\"M20,0 C31.045695,0 40,8.954305 40,20 C40,31.045695 31.045695,40 20,40 L20,38 C29.9411255,38 38,29.9411255 38,20 C38,10.0588745 29.9411255,2 20,2 L20,0 Z\" id=\"Oval-1\" fill=\"url(#linearGradient-1)\"><\/path>\n            <path d=\"M20,0 C8.954305,0 0,8.954305 0,20 C0,31.045695 8.954305,40 20,40 L20,38 C10.0588745,38 2,29.9411255 2,20 C2,10.0588745 10.0588745,2 20,2 L20,0 Z\" id=\"Oval-1-Copy\" fill=\"url(#linearGradient-2)\"><\/path>\n        <\/g>\n    <\/g>\n<\/svg>\n\n\n<\/div><!-- .myflex -->\n<\/div>\n","protected":false},"excerpt":{"rendered":"<p>\u00dcbersicht aller Privatschulen der Schweiz W\u00e4hle den passenden Kanton und die Kategorie aus und finde deine Schule in der Schweiz W\u00e4hle mit dem Filter den Kanton, in dem du eine Privatschule suchst. Du kannst zudem die Ergebnisse verfeinern, wenn du zus\u00e4tzlich eine Kategorie ausw\u00e4hlst, die beispielsweise deine Schulstufe oder den beabsichtigten Abschluss betrifft. Suchst du [&hellip;]<\/p>\n","protected":false},"author":2,"featured_media":0,"parent":0,"menu_order":0,"comment_status":"closed","ping_status":"closed","template":"","meta":{"content-type":"","footnotes":""},"class_list":["post-1132","page","type-page","status-publish","hentry"],"yoast_head":"<!-- This site is optimized with the Yoast SEO Premium plugin v23.3 (Yoast SEO v27.4) - https:\/\/yoast.com\/product\/yoast-seo-premium-wordpress\/ -->\n<title>\u00dcbersicht Privatschulen Schweiz nach Kanton - schoolaboo<\/title>\n<meta name=\"description\" content=\"W\u00e4hle den passenden Kanton und Kategorie aus und finde deine Privatschule in der Schweiz. Mit schoolaboo die passende Schule finden.\" \/>\n<meta name=\"robots\" content=\"noindex, follow, max-snippet:-1, max-image-preview:large, max-video-preview:-1\" \/>\n<meta property=\"og:locale\" content=\"de_DE\" \/>\n<meta property=\"og:type\" content=\"article\" \/>\n<meta property=\"og:title\" content=\"Schulen ohne Karte\" \/>\n<meta property=\"og:description\" content=\"W\u00e4hle den passenden Kanton und Kategorie aus und finde deine Privatschule in der Schweiz. Mit schoolaboo die passende Schule finden.\" \/>\n<meta property=\"og:url\" content=\"https:\/\/web2.schoolaboo.com\/de\/listings-no-map\/\" \/>\n<meta property=\"og:site_name\" content=\"Privatschul Verzeichnis und Beratung\" \/>\n<meta property=\"article:publisher\" content=\"https:\/\/www.facebook.com\/schoolaboo\" \/>\n<meta property=\"article:modified_time\" content=\"2021-01-19T09:16:03+00:00\" \/>\n<meta name=\"twitter:card\" content=\"summary_large_image\" \/>\n<meta name=\"twitter:label1\" content=\"Gesch\u00e4tzte Lesezeit\" \/>\n\t<meta name=\"twitter:data1\" content=\"1\u00a0Minute\" \/>\n<script type=\"application\/ld+json\" class=\"yoast-schema-graph\">{\"@context\":\"https:\\\/\\\/schema.org\",\"@graph\":[{\"@type\":\"WebPage\",\"@id\":\"https:\\\/\\\/web2.schoolaboo.com\\\/de\\\/listings-no-map\\\/\",\"url\":\"https:\\\/\\\/web2.schoolaboo.com\\\/de\\\/listings-no-map\\\/\",\"name\":\"\u00dcbersicht Privatschulen Schweiz nach Kanton - schoolaboo\",\"isPartOf\":{\"@id\":\"https:\\\/\\\/web2.schoolaboo.com\\\/de\\\/#website\"},\"datePublished\":\"2015-12-22T15:20:33+00:00\",\"dateModified\":\"2021-01-19T09:16:03+00:00\",\"description\":\"W\u00e4hle den passenden Kanton und Kategorie aus und finde deine Privatschule in der Schweiz. Mit schoolaboo die passende Schule finden.\",\"breadcrumb\":{\"@id\":\"https:\\\/\\\/web2.schoolaboo.com\\\/de\\\/listings-no-map\\\/#breadcrumb\"},\"inLanguage\":\"de\",\"potentialAction\":[{\"@type\":\"ReadAction\",\"target\":[\"https:\\\/\\\/web2.schoolaboo.com\\\/de\\\/listings-no-map\\\/\"]}]},{\"@type\":\"BreadcrumbList\",\"@id\":\"https:\\\/\\\/web2.schoolaboo.com\\\/de\\\/listings-no-map\\\/#breadcrumb\",\"itemListElement\":[{\"@type\":\"ListItem\",\"position\":1,\"name\":\"Startseite\",\"item\":\"https:\\\/\\\/web2.schoolaboo.com\\\/de\\\/\"},{\"@type\":\"ListItem\",\"position\":2,\"name\":\"Schulen ohne Karte\"}]},{\"@type\":\"WebSite\",\"@id\":\"https:\\\/\\\/web2.schoolaboo.com\\\/de\\\/#website\",\"url\":\"https:\\\/\\\/web2.schoolaboo.com\\\/de\\\/\",\"name\":\"schoolaboo Schule suchen und finden\",\"description\":\"Privatschule finden und vergleichen\",\"publisher\":{\"@id\":\"https:\\\/\\\/web2.schoolaboo.com\\\/de\\\/#organization\"},\"potentialAction\":[{\"@type\":\"SearchAction\",\"target\":{\"@type\":\"EntryPoint\",\"urlTemplate\":\"https:\\\/\\\/web2.schoolaboo.com\\\/de\\\/?s={search_term_string}\"},\"query-input\":{\"@type\":\"PropertyValueSpecification\",\"valueRequired\":true,\"valueName\":\"search_term_string\"}}],\"inLanguage\":\"de\"},{\"@type\":\"Organization\",\"@id\":\"https:\\\/\\\/web2.schoolaboo.com\\\/de\\\/#organization\",\"name\":\"schoolaboo\",\"url\":\"https:\\\/\\\/web2.schoolaboo.com\\\/de\\\/\",\"logo\":{\"@type\":\"ImageObject\",\"inLanguage\":\"de\",\"@id\":\"https:\\\/\\\/web2.schoolaboo.com\\\/de\\\/#\\\/schema\\\/logo\\\/image\\\/\",\"url\":\"https:\\\/\\\/web2.schoolaboo.com\\\/wp-content\\\/uploads\\\/2025\\\/04\\\/schoolaboo_Signet_RGB_pos_72dpi.jpg\",\"contentUrl\":\"https:\\\/\\\/web2.schoolaboo.com\\\/wp-content\\\/uploads\\\/2025\\\/04\\\/schoolaboo_Signet_RGB_pos_72dpi.jpg\",\"width\":262,\"height\":86,\"caption\":\"schoolaboo\"},\"image\":{\"@id\":\"https:\\\/\\\/web2.schoolaboo.com\\\/de\\\/#\\\/schema\\\/logo\\\/image\\\/\"},\"sameAs\":[\"https:\\\/\\\/www.facebook.com\\\/schoolaboo\",\"https:\\\/\\\/www.linkedin.com\\\/showcase\\\/schoolaboo\"]}]}<\/script>\n<!-- \/ Yoast SEO Premium plugin. -->","yoast_head_json":{"title":"\u00dcbersicht Privatschulen Schweiz nach Kanton - schoolaboo","description":"W\u00e4hle den passenden Kanton und Kategorie aus und finde deine Privatschule in der Schweiz. Mit schoolaboo die passende Schule finden.","robots":{"index":"noindex","follow":"follow","max-snippet":"max-snippet:-1","max-image-preview":"max-image-preview:large","max-video-preview":"max-video-preview:-1"},"og_locale":"de_DE","og_type":"article","og_title":"Schulen ohne Karte","og_description":"W\u00e4hle den passenden Kanton und Kategorie aus und finde deine Privatschule in der Schweiz. Mit schoolaboo die passende Schule finden.","og_url":"https:\/\/web2.schoolaboo.com\/de\/listings-no-map\/","og_site_name":"Privatschul Verzeichnis und Beratung","article_publisher":"https:\/\/www.facebook.com\/schoolaboo","article_modified_time":"2021-01-19T09:16:03+00:00","twitter_card":"summary_large_image","twitter_misc":{"Gesch\u00e4tzte Lesezeit":"1\u00a0Minute"},"schema":{"@context":"https:\/\/schema.org","@graph":[{"@type":"WebPage","@id":"https:\/\/web2.schoolaboo.com\/de\/listings-no-map\/","url":"https:\/\/web2.schoolaboo.com\/de\/listings-no-map\/","name":"\u00dcbersicht Privatschulen Schweiz nach Kanton - schoolaboo","isPartOf":{"@id":"https:\/\/web2.schoolaboo.com\/de\/#website"},"datePublished":"2015-12-22T15:20:33+00:00","dateModified":"2021-01-19T09:16:03+00:00","description":"W\u00e4hle den passenden Kanton und Kategorie aus und finde deine Privatschule in der Schweiz. Mit schoolaboo die passende Schule finden.","breadcrumb":{"@id":"https:\/\/web2.schoolaboo.com\/de\/listings-no-map\/#breadcrumb"},"inLanguage":"de","potentialAction":[{"@type":"ReadAction","target":["https:\/\/web2.schoolaboo.com\/de\/listings-no-map\/"]}]},{"@type":"BreadcrumbList","@id":"https:\/\/web2.schoolaboo.com\/de\/listings-no-map\/#breadcrumb","itemListElement":[{"@type":"ListItem","position":1,"name":"Startseite","item":"https:\/\/web2.schoolaboo.com\/de\/"},{"@type":"ListItem","position":2,"name":"Schulen ohne Karte"}]},{"@type":"WebSite","@id":"https:\/\/web2.schoolaboo.com\/de\/#website","url":"https:\/\/web2.schoolaboo.com\/de\/","name":"schoolaboo Schule suchen und finden","description":"Privatschule finden und vergleichen","publisher":{"@id":"https:\/\/web2.schoolaboo.com\/de\/#organization"},"potentialAction":[{"@type":"SearchAction","target":{"@type":"EntryPoint","urlTemplate":"https:\/\/web2.schoolaboo.com\/de\/?s={search_term_string}"},"query-input":{"@type":"PropertyValueSpecification","valueRequired":true,"valueName":"search_term_string"}}],"inLanguage":"de"},{"@type":"Organization","@id":"https:\/\/web2.schoolaboo.com\/de\/#organization","name":"schoolaboo","url":"https:\/\/web2.schoolaboo.com\/de\/","logo":{"@type":"ImageObject","inLanguage":"de","@id":"https:\/\/web2.schoolaboo.com\/de\/#\/schema\/logo\/image\/","url":"https:\/\/web2.schoolaboo.com\/wp-content\/uploads\/2025\/04\/schoolaboo_Signet_RGB_pos_72dpi.jpg","contentUrl":"https:\/\/web2.schoolaboo.com\/wp-content\/uploads\/2025\/04\/schoolaboo_Signet_RGB_pos_72dpi.jpg","width":262,"height":86,"caption":"schoolaboo"},"image":{"@id":"https:\/\/web2.schoolaboo.com\/de\/#\/schema\/logo\/image\/"},"sameAs":["https:\/\/www.facebook.com\/schoolaboo","https:\/\/www.linkedin.com\/showcase\/schoolaboo"]}]}},"_links":{"self":[{"href":"https:\/\/web2.schoolaboo.com\/de\/wp-json\/wp\/v2\/pages\/1132","targetHints":{"allow":["GET"]}}],"collection":[{"href":"https:\/\/web2.schoolaboo.com\/de\/wp-json\/wp\/v2\/pages"}],"about":[{"href":"https:\/\/web2.schoolaboo.com\/de\/wp-json\/wp\/v2\/types\/page"}],"author":[{"embeddable":true,"href":"https:\/\/web2.schoolaboo.com\/de\/wp-json\/wp\/v2\/users\/2"}],"replies":[{"embeddable":true,"href":"https:\/\/web2.schoolaboo.com\/de\/wp-json\/wp\/v2\/comments?post=1132"}],"version-history":[{"count":12,"href":"https:\/\/web2.schoolaboo.com\/de\/wp-json\/wp\/v2\/pages\/1132\/revisions"}],"predecessor-version":[{"id":23960,"href":"https:\/\/web2.schoolaboo.com\/de\/wp-json\/wp\/v2\/pages\/1132\/revisions\/23960"}],"wp:attachment":[{"href":"https:\/\/web2.schoolaboo.com\/de\/wp-json\/wp\/v2\/media?parent=1132"}],"curies":[{"name":"wp","href":"https:\/\/api.w.org\/{rel}","templated":true}]}}