{"id":20372,"date":"2020-09-19T10:20:56","date_gmt":"2020-09-19T08:20:56","guid":{"rendered":"https:\/\/schoolaboo.ch\/?page_id=20372"},"modified":"2023-09-18T17:43:00","modified_gmt":"2023-09-18T15:43:00","slug":"coaching-fuer-schulen","status":"publish","type":"page","link":"https:\/\/web2.schoolaboo.com\/de\/coaching-fuer-schulen\/","title":{"rendered":"Strategieberatung f\u00fcr Schulen"},"content":{"rendered":"<h2>Ihre Schule auf der Schulplattform Schoolaboo eintragen<\/h2>\n<p>Ihre Schule ist noch nicht auf der Plattform vertreten oder noch nicht approved? Kontaktieren Sie uns. Gerne beraten wir Sie individuell.<\/p>\n<h2>Eine erfolgreiche Strategie f\u00fcr Ihre Schule<\/h2>\n<p>Fragen Sie sich, wie es mit Ihrer Schule in den n\u00e4chsten f\u00fcnf Jahren weitergeht?<\/p>\n<p>In der Hektik des Alltags und angesichts der vielen Ver\u00e4nderungen fehlt manchmal die Zeit f\u00fcr den l\u00e4ngerfristigen Blick. Profitieren Sie von unserem Wissen aus der Zusammenarbeit mit KMU in unterschiedlichsten Branchen. Es hilft uns, gemeinsam schnell auf den Punkt zu kommen und \u00fcber L\u00f6sungen zu sprechen.<\/p>\n<h2>Ihre Ansprechpartner bei Fragen<\/h2>\n<div class=\"twocolumn\">\n<p><span class=\"alignnone\"><img loading=\"lazy\" decoding=\"async\" class=\"alignnone wp-image-20584 size-medium\" style=\"color: inherit; font-family: inherit; font-size: inherit;\" src=\"https:\/\/web2.schoolaboo.com\/wp-content\/uploads\/2020\/10\/kpc-7472-1-300x300.jpg\" alt=\"\" width=\"300\" height=\"300\" \/><\/span><\/p>\n<p><strong>Dr. Nicole Schubiger<\/strong><br \/>\nW\u00e4hrend ihrer T\u00e4tigkeit als wissenschaftliche Mitarbeiterin am Institut f\u00fcr Marketing und Handel der Universit\u00e4t St. Gallen (HSG) war sie f\u00fcr mehrere Lehrveranstaltungen inhaltlich und administrativ verantwortlich. Zu ihren Aufgaben im Bereich Lehre \/ Assistenz geh\u00f6rte auch die Neukonzeption der Lehre im Rahmen der Bologna-Reform. Als Beraterin positionierte sie in den letzten 20 Jahren viele Unternehmen unter anderem ein Institut der Universit\u00e4t St. Gallen, eine Sprachschule und mehrere private Bildungsanbieter im Markt neu und konzipierte deren Marketing- und Kommunikationsmassnahmen.<\/p>\n<p>Dr. Nicole Schubiger weiss aus eigener Erfahrung und aufgrund Interviews mit Eltern, was Eltern von einer Schule erwarten und welche Bed\u00fcrfnisse sie bez\u00fcglich der Ausbildung ihrer Kinder haben. Sie gibt dieses Wissen im Rahmen ihrer Beratungen an Schulen weiter und optimiert bei Bedarf nicht nur deren Positionierung am Markt, sondern auch ihren Marktauftritt.<\/p>\n<p>Kontaktieren Sie mich:\u00a0<a href=\"mailto:nicole@schoolaboo.ch\" target=\"_blank\" rel=\"noopener noreferrer\">nicole@schoolaboo.ch<\/a><\/p>\n<\/div>\n","protected":false},"excerpt":{"rendered":"<p>Ihre Schule auf der Schulplattform Schoolaboo eintragen Ihre Schule ist noch nicht auf der Plattform vertreten oder noch nicht approved? Kontaktieren Sie uns. Gerne beraten wir Sie individuell. Eine erfolgreiche Strategie f\u00fcr Ihre Schule Fragen Sie sich, wie es mit Ihrer Schule in den n\u00e4chsten f\u00fcnf Jahren weitergeht? In der Hektik des Alltags und angesichts [&hellip;]<\/p>\n","protected":false},"author":6,"featured_media":20538,"parent":0,"menu_order":0,"comment_status":"closed","ping_status":"closed","template":"","meta":{"content-type":"","footnotes":""},"class_list":["post-20372","page","type-page","status-publish","has-post-thumbnail","hentry"],"yoast_head":"<!-- This site is optimized with the Yoast SEO Premium plugin v23.3 (Yoast SEO v27.4) - https:\/\/yoast.com\/product\/yoast-seo-premium-wordpress\/ -->\n<title>Strategieberatung f\u00fcr Schulen - Privatschul Verzeichnis und Beratung<\/title>\n<meta name=\"description\" content=\"Erfolgreiche Strategie f\u00fcr Ihre Schule gesucht? Profitieren Sie von unserem Wissen aus der Zusammenarbeit mit KMU aus vielen Branchen.\" \/>\n<meta name=\"robots\" content=\"noindex, follow, max-snippet:-1, max-image-preview:large, max-video-preview:-1\" \/>\n<meta property=\"og:locale\" content=\"de_DE\" \/>\n<meta property=\"og:type\" content=\"article\" \/>\n<meta property=\"og:title\" content=\"Strategieberatung f\u00fcr Schulen\" \/>\n<meta property=\"og:description\" content=\"Erfolgreiche Strategie f\u00fcr Ihre Schule gesucht? Profitieren Sie von unserem Wissen aus der Zusammenarbeit mit KMU aus vielen Branchen.\" \/>\n<meta property=\"og:url\" content=\"https:\/\/web2.schoolaboo.com\/de\/coaching-fuer-schulen\/\" \/>\n<meta property=\"og:site_name\" content=\"Privatschul Verzeichnis und Beratung\" \/>\n<meta property=\"article:publisher\" content=\"https:\/\/www.facebook.com\/schoolaboo\" \/>\n<meta property=\"article:modified_time\" content=\"2023-09-18T15:43:00+00:00\" \/>\n<meta property=\"og:image\" content=\"https:\/\/web2.schoolaboo.com\/wp-content\/uploads\/2020\/09\/GEB7306a-scaled.jpg\" \/>\n\t<meta property=\"og:image:width\" content=\"2560\" \/>\n\t<meta property=\"og:image:height\" content=\"1694\" \/>\n\t<meta property=\"og:image:type\" content=\"image\/jpeg\" \/>\n<meta name=\"twitter:card\" content=\"summary_large_image\" \/>\n<meta name=\"twitter:label1\" content=\"Gesch\u00e4tzte Lesezeit\" \/>\n\t<meta name=\"twitter:data1\" content=\"2\u00a0Minuten\" \/>\n<script type=\"application\/ld+json\" class=\"yoast-schema-graph\">{\"@context\":\"https:\\\/\\\/schema.org\",\"@graph\":[{\"@type\":\"WebPage\",\"@id\":\"https:\\\/\\\/web2.schoolaboo.com\\\/de\\\/coaching-fuer-schulen\\\/\",\"url\":\"https:\\\/\\\/web2.schoolaboo.com\\\/de\\\/coaching-fuer-schulen\\\/\",\"name\":\"Strategieberatung f\u00fcr Schulen - Privatschul Verzeichnis und Beratung\",\"isPartOf\":{\"@id\":\"https:\\\/\\\/web2.schoolaboo.com\\\/de\\\/#website\"},\"primaryImageOfPage\":{\"@id\":\"https:\\\/\\\/web2.schoolaboo.com\\\/de\\\/coaching-fuer-schulen\\\/#primaryimage\"},\"image\":{\"@id\":\"https:\\\/\\\/web2.schoolaboo.com\\\/de\\\/coaching-fuer-schulen\\\/#primaryimage\"},\"thumbnailUrl\":\"https:\\\/\\\/web2.schoolaboo.com\\\/wp-content\\\/uploads\\\/2020\\\/09\\\/GEB7306a-scaled.jpg\",\"datePublished\":\"2020-09-19T08:20:56+00:00\",\"dateModified\":\"2023-09-18T15:43:00+00:00\",\"description\":\"Erfolgreiche Strategie f\u00fcr Ihre Schule gesucht? Profitieren Sie von unserem Wissen aus der Zusammenarbeit mit KMU aus vielen Branchen.\",\"breadcrumb\":{\"@id\":\"https:\\\/\\\/web2.schoolaboo.com\\\/de\\\/coaching-fuer-schulen\\\/#breadcrumb\"},\"inLanguage\":\"de\",\"potentialAction\":[{\"@type\":\"ReadAction\",\"target\":[\"https:\\\/\\\/web2.schoolaboo.com\\\/de\\\/coaching-fuer-schulen\\\/\"]}]},{\"@type\":\"ImageObject\",\"inLanguage\":\"de\",\"@id\":\"https:\\\/\\\/web2.schoolaboo.com\\\/de\\\/coaching-fuer-schulen\\\/#primaryimage\",\"url\":\"https:\\\/\\\/web2.schoolaboo.com\\\/wp-content\\\/uploads\\\/2020\\\/09\\\/GEB7306a-scaled.jpg\",\"contentUrl\":\"https:\\\/\\\/web2.schoolaboo.com\\\/wp-content\\\/uploads\\\/2020\\\/09\\\/GEB7306a-scaled.jpg\",\"width\":2560,\"height\":1694},{\"@type\":\"BreadcrumbList\",\"@id\":\"https:\\\/\\\/web2.schoolaboo.com\\\/de\\\/coaching-fuer-schulen\\\/#breadcrumb\",\"itemListElement\":[{\"@type\":\"ListItem\",\"position\":1,\"name\":\"Startseite\",\"item\":\"https:\\\/\\\/web2.schoolaboo.com\\\/de\\\/\"},{\"@type\":\"ListItem\",\"position\":2,\"name\":\"Strategieberatung f\u00fcr Schulen\"}]},{\"@type\":\"WebSite\",\"@id\":\"https:\\\/\\\/web2.schoolaboo.com\\\/de\\\/#website\",\"url\":\"https:\\\/\\\/web2.schoolaboo.com\\\/de\\\/\",\"name\":\"schoolaboo Schule suchen und finden\",\"description\":\"Privatschule finden und vergleichen\",\"publisher\":{\"@id\":\"https:\\\/\\\/web2.schoolaboo.com\\\/de\\\/#organization\"},\"potentialAction\":[{\"@type\":\"SearchAction\",\"target\":{\"@type\":\"EntryPoint\",\"urlTemplate\":\"https:\\\/\\\/web2.schoolaboo.com\\\/de\\\/?s={search_term_string}\"},\"query-input\":{\"@type\":\"PropertyValueSpecification\",\"valueRequired\":true,\"valueName\":\"search_term_string\"}}],\"inLanguage\":\"de\"},{\"@type\":\"Organization\",\"@id\":\"https:\\\/\\\/web2.schoolaboo.com\\\/de\\\/#organization\",\"name\":\"schoolaboo\",\"url\":\"https:\\\/\\\/web2.schoolaboo.com\\\/de\\\/\",\"logo\":{\"@type\":\"ImageObject\",\"inLanguage\":\"de\",\"@id\":\"https:\\\/\\\/web2.schoolaboo.com\\\/de\\\/#\\\/schema\\\/logo\\\/image\\\/\",\"url\":\"https:\\\/\\\/web2.schoolaboo.com\\\/wp-content\\\/uploads\\\/2025\\\/04\\\/schoolaboo_Signet_RGB_pos_72dpi.jpg\",\"contentUrl\":\"https:\\\/\\\/web2.schoolaboo.com\\\/wp-content\\\/uploads\\\/2025\\\/04\\\/schoolaboo_Signet_RGB_pos_72dpi.jpg\",\"width\":262,\"height\":86,\"caption\":\"schoolaboo\"},\"image\":{\"@id\":\"https:\\\/\\\/web2.schoolaboo.com\\\/de\\\/#\\\/schema\\\/logo\\\/image\\\/\"},\"sameAs\":[\"https:\\\/\\\/www.facebook.com\\\/schoolaboo\",\"https:\\\/\\\/www.linkedin.com\\\/showcase\\\/schoolaboo\"]}]}<\/script>\n<!-- \/ Yoast SEO Premium plugin. -->","yoast_head_json":{"title":"Strategieberatung f\u00fcr Schulen - Privatschul Verzeichnis und Beratung","description":"Erfolgreiche Strategie f\u00fcr Ihre Schule gesucht? Profitieren Sie von unserem Wissen aus der Zusammenarbeit mit KMU aus vielen Branchen.","robots":{"index":"noindex","follow":"follow","max-snippet":"max-snippet:-1","max-image-preview":"max-image-preview:large","max-video-preview":"max-video-preview:-1"},"og_locale":"de_DE","og_type":"article","og_title":"Strategieberatung f\u00fcr Schulen","og_description":"Erfolgreiche Strategie f\u00fcr Ihre Schule gesucht? Profitieren Sie von unserem Wissen aus der Zusammenarbeit mit KMU aus vielen Branchen.","og_url":"https:\/\/web2.schoolaboo.com\/de\/coaching-fuer-schulen\/","og_site_name":"Privatschul Verzeichnis und Beratung","article_publisher":"https:\/\/www.facebook.com\/schoolaboo","article_modified_time":"2023-09-18T15:43:00+00:00","og_image":[{"width":2560,"height":1694,"url":"https:\/\/web2.schoolaboo.com\/wp-content\/uploads\/2020\/09\/GEB7306a-scaled.jpg","type":"image\/jpeg"}],"twitter_card":"summary_large_image","twitter_misc":{"Gesch\u00e4tzte Lesezeit":"2\u00a0Minuten"},"schema":{"@context":"https:\/\/schema.org","@graph":[{"@type":"WebPage","@id":"https:\/\/web2.schoolaboo.com\/de\/coaching-fuer-schulen\/","url":"https:\/\/web2.schoolaboo.com\/de\/coaching-fuer-schulen\/","name":"Strategieberatung f\u00fcr Schulen - Privatschul Verzeichnis und Beratung","isPartOf":{"@id":"https:\/\/web2.schoolaboo.com\/de\/#website"},"primaryImageOfPage":{"@id":"https:\/\/web2.schoolaboo.com\/de\/coaching-fuer-schulen\/#primaryimage"},"image":{"@id":"https:\/\/web2.schoolaboo.com\/de\/coaching-fuer-schulen\/#primaryimage"},"thumbnailUrl":"https:\/\/web2.schoolaboo.com\/wp-content\/uploads\/2020\/09\/GEB7306a-scaled.jpg","datePublished":"2020-09-19T08:20:56+00:00","dateModified":"2023-09-18T15:43:00+00:00","description":"Erfolgreiche Strategie f\u00fcr Ihre Schule gesucht? Profitieren Sie von unserem Wissen aus der Zusammenarbeit mit KMU aus vielen Branchen.","breadcrumb":{"@id":"https:\/\/web2.schoolaboo.com\/de\/coaching-fuer-schulen\/#breadcrumb"},"inLanguage":"de","potentialAction":[{"@type":"ReadAction","target":["https:\/\/web2.schoolaboo.com\/de\/coaching-fuer-schulen\/"]}]},{"@type":"ImageObject","inLanguage":"de","@id":"https:\/\/web2.schoolaboo.com\/de\/coaching-fuer-schulen\/#primaryimage","url":"https:\/\/web2.schoolaboo.com\/wp-content\/uploads\/2020\/09\/GEB7306a-scaled.jpg","contentUrl":"https:\/\/web2.schoolaboo.com\/wp-content\/uploads\/2020\/09\/GEB7306a-scaled.jpg","width":2560,"height":1694},{"@type":"BreadcrumbList","@id":"https:\/\/web2.schoolaboo.com\/de\/coaching-fuer-schulen\/#breadcrumb","itemListElement":[{"@type":"ListItem","position":1,"name":"Startseite","item":"https:\/\/web2.schoolaboo.com\/de\/"},{"@type":"ListItem","position":2,"name":"Strategieberatung f\u00fcr Schulen"}]},{"@type":"WebSite","@id":"https:\/\/web2.schoolaboo.com\/de\/#website","url":"https:\/\/web2.schoolaboo.com\/de\/","name":"schoolaboo Schule suchen und finden","description":"Privatschule finden und vergleichen","publisher":{"@id":"https:\/\/web2.schoolaboo.com\/de\/#organization"},"potentialAction":[{"@type":"SearchAction","target":{"@type":"EntryPoint","urlTemplate":"https:\/\/web2.schoolaboo.com\/de\/?s={search_term_string}"},"query-input":{"@type":"PropertyValueSpecification","valueRequired":true,"valueName":"search_term_string"}}],"inLanguage":"de"},{"@type":"Organization","@id":"https:\/\/web2.schoolaboo.com\/de\/#organization","name":"schoolaboo","url":"https:\/\/web2.schoolaboo.com\/de\/","logo":{"@type":"ImageObject","inLanguage":"de","@id":"https:\/\/web2.schoolaboo.com\/de\/#\/schema\/logo\/image\/","url":"https:\/\/web2.schoolaboo.com\/wp-content\/uploads\/2025\/04\/schoolaboo_Signet_RGB_pos_72dpi.jpg","contentUrl":"https:\/\/web2.schoolaboo.com\/wp-content\/uploads\/2025\/04\/schoolaboo_Signet_RGB_pos_72dpi.jpg","width":262,"height":86,"caption":"schoolaboo"},"image":{"@id":"https:\/\/web2.schoolaboo.com\/de\/#\/schema\/logo\/image\/"},"sameAs":["https:\/\/www.facebook.com\/schoolaboo","https:\/\/www.linkedin.com\/showcase\/schoolaboo"]}]}},"_links":{"self":[{"href":"https:\/\/web2.schoolaboo.com\/de\/wp-json\/wp\/v2\/pages\/20372","targetHints":{"allow":["GET"]}}],"collection":[{"href":"https:\/\/web2.schoolaboo.com\/de\/wp-json\/wp\/v2\/pages"}],"about":[{"href":"https:\/\/web2.schoolaboo.com\/de\/wp-json\/wp\/v2\/types\/page"}],"author":[{"embeddable":true,"href":"https:\/\/web2.schoolaboo.com\/de\/wp-json\/wp\/v2\/users\/6"}],"replies":[{"embeddable":true,"href":"https:\/\/web2.schoolaboo.com\/de\/wp-json\/wp\/v2\/comments?post=20372"}],"version-history":[{"count":44,"href":"https:\/\/web2.schoolaboo.com\/de\/wp-json\/wp\/v2\/pages\/20372\/revisions"}],"predecessor-version":[{"id":30423,"href":"https:\/\/web2.schoolaboo.com\/de\/wp-json\/wp\/v2\/pages\/20372\/revisions\/30423"}],"wp:featuredmedia":[{"embeddable":true,"href":"https:\/\/web2.schoolaboo.com\/de\/wp-json\/wp\/v2\/media\/20538"}],"wp:attachment":[{"href":"https:\/\/web2.schoolaboo.com\/de\/wp-json\/wp\/v2\/media?parent=20372"}],"curies":[{"name":"wp","href":"https:\/\/api.w.org\/{rel}","templated":true}]}}