{"id":91,"date":"2015-10-12T14:27:46","date_gmt":"2015-10-12T14:27:46","guid":{"rendered":""},"modified":"2022-07-26T16:41:06","modified_gmt":"2022-07-26T14:41:06","slug":"beratung_und_kontakt","status":"publish","type":"page","link":"https:\/\/web2.schoolaboo.com\/de\/beratung_und_kontakt\/","title":{"rendered":"Beratung und Kontakt"},"content":{"rendered":"<p>schoolaboo wurde 2020 aufgrund des Wunsches von Eltern entwickelt, Schulen miteinander zu vergleichen und aus einer \u00dcbersicht aller Schweizer Schulen die bestgeeignete Schule f\u00fcr die eigenen Kinder zu finden.<\/p>\n<p>schoolaboo will zudem auch kleinen oder weniger bekannten Schulen die M\u00f6glichkeit geben, von den schweizweiten Werbeaktionen der Plattform zu profitieren, ihnen helfen sich Eltern optimal zu pr\u00e4sentieren und letztendlich ein passender Match f\u00fcr deren Kinder zu werden. <a href=\"https:\/\/web2.schoolaboo.com\/coaching-fuer-schulen\/\" target=\"_blank\" rel=\"noopener noreferrer\">Hier geht&#8217;s zum Kontakt f\u00fcr Schulen.<\/a><\/p>\n<p>Das Team von schoolaboo hat den Anspruch, jede Schule pers\u00f6nlich zu kennen, um den Eltern und den Sch\u00fclerinnen und Sch\u00fcler auf alle Fragen bez\u00fcglich Eignung und Anforderung Auskunft zu geben. <a href=\"https:\/\/web2.schoolaboo.com\/beratung-fuer-eltern-und-jugendliche\/\" target=\"_blank\" rel=\"noopener noreferrer\">Hier geht&#8217;s zum Kontakt und den Coaches.\u00a0<\/a><\/p>\n<p>schoolaboo ist eine registrierte Marke der <a href=\"https:\/\/schooladvisor.ch\/\" target=\"_blank\" rel=\"noopener noreferrer\">Schooladvisor GmbH <\/a>mit Sitz in Schwyz.<\/p>\n<p>Kontaktieren Sie uns per Email: nicole@schoolaboo.ch<br \/>\noder per Telefon: +41 76 567 61 21<\/p>\n<p>Die Stimme am Telefon: Nicole Schubiger<\/p>\n<p>&nbsp;<\/p>\n","protected":false},"excerpt":{"rendered":"<p>schoolaboo wurde 2020 aufgrund des Wunsches von Eltern entwickelt, Schulen miteinander zu vergleichen und aus einer \u00dcbersicht aller Schweizer Schulen die bestgeeignete Schule f\u00fcr die eigenen Kinder zu finden. schoolaboo will zudem auch kleinen oder weniger bekannten Schulen die M\u00f6glichkeit geben, von den schweizweiten Werbeaktionen der Plattform zu profitieren, ihnen helfen sich Eltern optimal zu [&hellip;]<\/p>\n","protected":false},"author":2,"featured_media":20581,"parent":0,"menu_order":1,"comment_status":"closed","ping_status":"closed","template":"page-templates\/full_width.php","meta":{"content-type":"","footnotes":""},"class_list":["post-91","page","type-page","status-publish","has-post-thumbnail","hentry"],"yoast_head":"<!-- This site is optimized with the Yoast SEO Premium plugin v23.3 (Yoast SEO v27.4) - https:\/\/yoast.com\/product\/yoast-seo-premium-wordpress\/ -->\n<title>schoolaboo die Onlineplattform f\u00fcr Schulen der Schweiz - Privatschul Verzeichnis und Beratung<\/title>\n<meta name=\"description\" content=\"Unser Ziel: Schulen miteinander vergleichen und aus einer \u00dcbersicht aller Schweizer Schulen die bestgeeignete Schule f\u00fcr Ihre Kinder finden.\" \/>\n<meta name=\"robots\" content=\"noindex, follow, max-snippet:-1, max-image-preview:large, max-video-preview:-1\" \/>\n<meta property=\"og:locale\" content=\"de_DE\" \/>\n<meta property=\"og:type\" content=\"article\" \/>\n<meta property=\"og:title\" content=\"Beratung und Kontakt\" \/>\n<meta property=\"og:description\" content=\"Unser Ziel: Schulen miteinander vergleichen und aus einer \u00dcbersicht aller Schweizer Schulen die bestgeeignete Schule f\u00fcr Ihre Kinder finden.\" \/>\n<meta property=\"og:url\" content=\"https:\/\/web2.schoolaboo.com\/de\/beratung_und_kontakt\/\" \/>\n<meta property=\"og:site_name\" content=\"Privatschul Verzeichnis und Beratung\" \/>\n<meta property=\"article:publisher\" content=\"https:\/\/www.facebook.com\/schoolaboo\" \/>\n<meta property=\"article:modified_time\" content=\"2022-07-26T14:41:06+00:00\" \/>\n<meta property=\"og:image\" content=\"https:\/\/web2.schoolaboo.com\/wp-content\/uploads\/2020\/10\/schoolaboo-gross-gif.gif\" \/>\n\t<meta property=\"og:image:width\" content=\"2400\" \/>\n\t<meta property=\"og:image:height\" content=\"668\" \/>\n\t<meta property=\"og:image:type\" content=\"image\/gif\" \/>\n<meta name=\"twitter:card\" content=\"summary_large_image\" \/>\n<meta name=\"twitter:label1\" content=\"Gesch\u00e4tzte Lesezeit\" \/>\n\t<meta name=\"twitter:data1\" content=\"1\u00a0Minute\" \/>\n<script type=\"application\/ld+json\" class=\"yoast-schema-graph\">{\"@context\":\"https:\\\/\\\/schema.org\",\"@graph\":[{\"@type\":\"WebPage\",\"@id\":\"https:\\\/\\\/web2.schoolaboo.com\\\/de\\\/beratung_und_kontakt\\\/\",\"url\":\"https:\\\/\\\/web2.schoolaboo.com\\\/de\\\/beratung_und_kontakt\\\/\",\"name\":\"schoolaboo die Onlineplattform f\u00fcr Schulen der Schweiz - Privatschul Verzeichnis und Beratung\",\"isPartOf\":{\"@id\":\"https:\\\/\\\/web2.schoolaboo.com\\\/de\\\/#website\"},\"primaryImageOfPage\":{\"@id\":\"https:\\\/\\\/web2.schoolaboo.com\\\/de\\\/beratung_und_kontakt\\\/#primaryimage\"},\"image\":{\"@id\":\"https:\\\/\\\/web2.schoolaboo.com\\\/de\\\/beratung_und_kontakt\\\/#primaryimage\"},\"thumbnailUrl\":\"https:\\\/\\\/web2.schoolaboo.com\\\/wp-content\\\/uploads\\\/2020\\\/10\\\/schoolaboo-gross-gif.gif\",\"datePublished\":\"2015-10-12T14:27:46+00:00\",\"dateModified\":\"2022-07-26T14:41:06+00:00\",\"description\":\"Unser Ziel: Schulen miteinander vergleichen und aus einer \u00dcbersicht aller Schweizer Schulen die bestgeeignete Schule f\u00fcr Ihre Kinder finden.\",\"breadcrumb\":{\"@id\":\"https:\\\/\\\/web2.schoolaboo.com\\\/de\\\/beratung_und_kontakt\\\/#breadcrumb\"},\"inLanguage\":\"de\",\"potentialAction\":[{\"@type\":\"ReadAction\",\"target\":[\"https:\\\/\\\/web2.schoolaboo.com\\\/de\\\/beratung_und_kontakt\\\/\"]}]},{\"@type\":\"ImageObject\",\"inLanguage\":\"de\",\"@id\":\"https:\\\/\\\/web2.schoolaboo.com\\\/de\\\/beratung_und_kontakt\\\/#primaryimage\",\"url\":\"https:\\\/\\\/web2.schoolaboo.com\\\/wp-content\\\/uploads\\\/2020\\\/10\\\/schoolaboo-gross-gif.gif\",\"contentUrl\":\"https:\\\/\\\/web2.schoolaboo.com\\\/wp-content\\\/uploads\\\/2020\\\/10\\\/schoolaboo-gross-gif.gif\",\"width\":2400,\"height\":668},{\"@type\":\"BreadcrumbList\",\"@id\":\"https:\\\/\\\/web2.schoolaboo.com\\\/de\\\/beratung_und_kontakt\\\/#breadcrumb\",\"itemListElement\":[{\"@type\":\"ListItem\",\"position\":1,\"name\":\"Startseite\",\"item\":\"https:\\\/\\\/web2.schoolaboo.com\\\/de\\\/\"},{\"@type\":\"ListItem\",\"position\":2,\"name\":\"Beratung und Kontakt\"}]},{\"@type\":\"WebSite\",\"@id\":\"https:\\\/\\\/web2.schoolaboo.com\\\/de\\\/#website\",\"url\":\"https:\\\/\\\/web2.schoolaboo.com\\\/de\\\/\",\"name\":\"schoolaboo Schule suchen und finden\",\"description\":\"Privatschule finden und vergleichen\",\"publisher\":{\"@id\":\"https:\\\/\\\/web2.schoolaboo.com\\\/de\\\/#organization\"},\"potentialAction\":[{\"@type\":\"SearchAction\",\"target\":{\"@type\":\"EntryPoint\",\"urlTemplate\":\"https:\\\/\\\/web2.schoolaboo.com\\\/de\\\/?s={search_term_string}\"},\"query-input\":{\"@type\":\"PropertyValueSpecification\",\"valueRequired\":true,\"valueName\":\"search_term_string\"}}],\"inLanguage\":\"de\"},{\"@type\":\"Organization\",\"@id\":\"https:\\\/\\\/web2.schoolaboo.com\\\/de\\\/#organization\",\"name\":\"schoolaboo\",\"url\":\"https:\\\/\\\/web2.schoolaboo.com\\\/de\\\/\",\"logo\":{\"@type\":\"ImageObject\",\"inLanguage\":\"de\",\"@id\":\"https:\\\/\\\/web2.schoolaboo.com\\\/de\\\/#\\\/schema\\\/logo\\\/image\\\/\",\"url\":\"https:\\\/\\\/web2.schoolaboo.com\\\/wp-content\\\/uploads\\\/2025\\\/04\\\/schoolaboo_Signet_RGB_pos_72dpi.jpg\",\"contentUrl\":\"https:\\\/\\\/web2.schoolaboo.com\\\/wp-content\\\/uploads\\\/2025\\\/04\\\/schoolaboo_Signet_RGB_pos_72dpi.jpg\",\"width\":262,\"height\":86,\"caption\":\"schoolaboo\"},\"image\":{\"@id\":\"https:\\\/\\\/web2.schoolaboo.com\\\/de\\\/#\\\/schema\\\/logo\\\/image\\\/\"},\"sameAs\":[\"https:\\\/\\\/www.facebook.com\\\/schoolaboo\",\"https:\\\/\\\/www.linkedin.com\\\/showcase\\\/schoolaboo\"]}]}<\/script>\n<!-- \/ Yoast SEO Premium plugin. -->","yoast_head_json":{"title":"schoolaboo die Onlineplattform f\u00fcr Schulen der Schweiz - Privatschul Verzeichnis und Beratung","description":"Unser Ziel: Schulen miteinander vergleichen und aus einer \u00dcbersicht aller Schweizer Schulen die bestgeeignete Schule f\u00fcr Ihre Kinder finden.","robots":{"index":"noindex","follow":"follow","max-snippet":"max-snippet:-1","max-image-preview":"max-image-preview:large","max-video-preview":"max-video-preview:-1"},"og_locale":"de_DE","og_type":"article","og_title":"Beratung und Kontakt","og_description":"Unser Ziel: Schulen miteinander vergleichen und aus einer \u00dcbersicht aller Schweizer Schulen die bestgeeignete Schule f\u00fcr Ihre Kinder finden.","og_url":"https:\/\/web2.schoolaboo.com\/de\/beratung_und_kontakt\/","og_site_name":"Privatschul Verzeichnis und Beratung","article_publisher":"https:\/\/www.facebook.com\/schoolaboo","article_modified_time":"2022-07-26T14:41:06+00:00","og_image":[{"width":2400,"height":668,"url":"https:\/\/web2.schoolaboo.com\/wp-content\/uploads\/2020\/10\/schoolaboo-gross-gif.gif","type":"image\/gif"}],"twitter_card":"summary_large_image","twitter_misc":{"Gesch\u00e4tzte Lesezeit":"1\u00a0Minute"},"schema":{"@context":"https:\/\/schema.org","@graph":[{"@type":"WebPage","@id":"https:\/\/web2.schoolaboo.com\/de\/beratung_und_kontakt\/","url":"https:\/\/web2.schoolaboo.com\/de\/beratung_und_kontakt\/","name":"schoolaboo die Onlineplattform f\u00fcr Schulen der Schweiz - Privatschul Verzeichnis und Beratung","isPartOf":{"@id":"https:\/\/web2.schoolaboo.com\/de\/#website"},"primaryImageOfPage":{"@id":"https:\/\/web2.schoolaboo.com\/de\/beratung_und_kontakt\/#primaryimage"},"image":{"@id":"https:\/\/web2.schoolaboo.com\/de\/beratung_und_kontakt\/#primaryimage"},"thumbnailUrl":"https:\/\/web2.schoolaboo.com\/wp-content\/uploads\/2020\/10\/schoolaboo-gross-gif.gif","datePublished":"2015-10-12T14:27:46+00:00","dateModified":"2022-07-26T14:41:06+00:00","description":"Unser Ziel: Schulen miteinander vergleichen und aus einer \u00dcbersicht aller Schweizer Schulen die bestgeeignete Schule f\u00fcr Ihre Kinder finden.","breadcrumb":{"@id":"https:\/\/web2.schoolaboo.com\/de\/beratung_und_kontakt\/#breadcrumb"},"inLanguage":"de","potentialAction":[{"@type":"ReadAction","target":["https:\/\/web2.schoolaboo.com\/de\/beratung_und_kontakt\/"]}]},{"@type":"ImageObject","inLanguage":"de","@id":"https:\/\/web2.schoolaboo.com\/de\/beratung_und_kontakt\/#primaryimage","url":"https:\/\/web2.schoolaboo.com\/wp-content\/uploads\/2020\/10\/schoolaboo-gross-gif.gif","contentUrl":"https:\/\/web2.schoolaboo.com\/wp-content\/uploads\/2020\/10\/schoolaboo-gross-gif.gif","width":2400,"height":668},{"@type":"BreadcrumbList","@id":"https:\/\/web2.schoolaboo.com\/de\/beratung_und_kontakt\/#breadcrumb","itemListElement":[{"@type":"ListItem","position":1,"name":"Startseite","item":"https:\/\/web2.schoolaboo.com\/de\/"},{"@type":"ListItem","position":2,"name":"Beratung und Kontakt"}]},{"@type":"WebSite","@id":"https:\/\/web2.schoolaboo.com\/de\/#website","url":"https:\/\/web2.schoolaboo.com\/de\/","name":"schoolaboo Schule suchen und finden","description":"Privatschule finden und vergleichen","publisher":{"@id":"https:\/\/web2.schoolaboo.com\/de\/#organization"},"potentialAction":[{"@type":"SearchAction","target":{"@type":"EntryPoint","urlTemplate":"https:\/\/web2.schoolaboo.com\/de\/?s={search_term_string}"},"query-input":{"@type":"PropertyValueSpecification","valueRequired":true,"valueName":"search_term_string"}}],"inLanguage":"de"},{"@type":"Organization","@id":"https:\/\/web2.schoolaboo.com\/de\/#organization","name":"schoolaboo","url":"https:\/\/web2.schoolaboo.com\/de\/","logo":{"@type":"ImageObject","inLanguage":"de","@id":"https:\/\/web2.schoolaboo.com\/de\/#\/schema\/logo\/image\/","url":"https:\/\/web2.schoolaboo.com\/wp-content\/uploads\/2025\/04\/schoolaboo_Signet_RGB_pos_72dpi.jpg","contentUrl":"https:\/\/web2.schoolaboo.com\/wp-content\/uploads\/2025\/04\/schoolaboo_Signet_RGB_pos_72dpi.jpg","width":262,"height":86,"caption":"schoolaboo"},"image":{"@id":"https:\/\/web2.schoolaboo.com\/de\/#\/schema\/logo\/image\/"},"sameAs":["https:\/\/www.facebook.com\/schoolaboo","https:\/\/www.linkedin.com\/showcase\/schoolaboo"]}]}},"_links":{"self":[{"href":"https:\/\/web2.schoolaboo.com\/de\/wp-json\/wp\/v2\/pages\/91","targetHints":{"allow":["GET"]}}],"collection":[{"href":"https:\/\/web2.schoolaboo.com\/de\/wp-json\/wp\/v2\/pages"}],"about":[{"href":"https:\/\/web2.schoolaboo.com\/de\/wp-json\/wp\/v2\/types\/page"}],"author":[{"embeddable":true,"href":"https:\/\/web2.schoolaboo.com\/de\/wp-json\/wp\/v2\/users\/2"}],"replies":[{"embeddable":true,"href":"https:\/\/web2.schoolaboo.com\/de\/wp-json\/wp\/v2\/comments?post=91"}],"version-history":[{"count":61,"href":"https:\/\/web2.schoolaboo.com\/de\/wp-json\/wp\/v2\/pages\/91\/revisions"}],"predecessor-version":[{"id":29855,"href":"https:\/\/web2.schoolaboo.com\/de\/wp-json\/wp\/v2\/pages\/91\/revisions\/29855"}],"wp:featuredmedia":[{"embeddable":true,"href":"https:\/\/web2.schoolaboo.com\/de\/wp-json\/wp\/v2\/media\/20581"}],"wp:attachment":[{"href":"https:\/\/web2.schoolaboo.com\/de\/wp-json\/wp\/v2\/media?parent=91"}],"curies":[{"name":"wp","href":"https:\/\/api.w.org\/{rel}","templated":true}]}}