{"id":25189,"date":"2021-01-24T17:53:55","date_gmt":"2021-01-24T16:53:55","guid":{"rendered":"https:\/\/schoolaboo.ch\/book-a-coach\/"},"modified":"2021-02-16T12:05:58","modified_gmt":"2021-02-16T11:05:58","slug":"book-a-coach","status":"publish","type":"page","link":"https:\/\/web2.schoolaboo.com\/es\/book-a-coach\/","title":{"rendered":"Book a coach"},"content":{"rendered":"<p>En las conversaciones, un entrenador averigua qu\u00e9 tipo de alumno es el ni\u00f1o y cu\u00e1les son sus deseos. De esta forma se puede garantizar que el ni\u00f1o acuda a una escuela que lo tenga en cuenta, de modo que la motivaci\u00f3n del ni\u00f1o se mantenga. Esta conversaci\u00f3n tambi\u00e9n puede tener lugar con los padres para recopilar sus expectativas sobre la escuela y la educaci\u00f3n de su hija o hijo. <a href=\"https:\/\/web2.schoolaboo.com\/es\/asesoramiento-sobre-la-eleccion-correcta-de-la-escuela-para-padres-y-jovenes\/\" target=\"_blank\" rel=\"noopener noreferrer\">Conoce a nuestros coaches\/tutores aqu\u00ed<\/a>\u00a0<\/span><\/p>\n<p>Reserve una cita aqu\u00ed:<\/p>\n<p>[bookly-form hide=\u00bbcategories\u00bb]<\/p>\n","protected":false},"excerpt":{"rendered":"<p>En las conversaciones, un entrenador averigua qu\u00e9 tipo de alumno es el ni\u00f1o y cu\u00e1les son sus deseos. De esta forma se puede garantizar que el ni\u00f1o acuda a una escuela que lo tenga en cuenta, de modo que la motivaci\u00f3n del ni\u00f1o se mantenga. Esta conversaci\u00f3n tambi\u00e9n puede tener lugar con los padres para [&hellip;]<\/p>\n","protected":false},"author":2,"featured_media":24265,"parent":0,"menu_order":0,"comment_status":"closed","ping_status":"closed","template":"","meta":{"content-type":"","footnotes":""},"class_list":["post-25189","page","type-page","status-publish","has-post-thumbnail","hentry"],"yoast_head":"<!-- This site is optimized with the Yoast SEO Premium plugin v23.3 (Yoast SEO v27.4) - https:\/\/yoast.com\/product\/yoast-seo-premium-wordpress\/ -->\n<title>Book a coach - Privatschul Verzeichnis und Beratung<\/title>\n<meta name=\"description\" content=\"Con nuestros entrenadores puede encontrar la escuela privada adecuada en Suiza para el tipo de aprendizaje de su hijo. Encuentra una escuela ahora.\" \/>\n<meta name=\"robots\" content=\"noindex, follow, max-snippet:-1, max-image-preview:large, max-video-preview:-1\" \/>\n<meta property=\"og:locale\" content=\"es_ES\" \/>\n<meta property=\"og:type\" content=\"article\" \/>\n<meta property=\"og:title\" content=\"Book a coach\" \/>\n<meta property=\"og:description\" content=\"Con nuestros entrenadores puede encontrar la escuela privada adecuada en Suiza para el tipo de aprendizaje de su hijo. Encuentra una escuela ahora.\" \/>\n<meta property=\"og:url\" content=\"https:\/\/web2.schoolaboo.com\/es\/book-a-coach\/\" \/>\n<meta property=\"og:site_name\" content=\"Privatschul Verzeichnis und Beratung\" \/>\n<meta property=\"article:publisher\" content=\"https:\/\/www.facebook.com\/schoolaboo\" \/>\n<meta property=\"article:modified_time\" content=\"2021-02-16T11:05:58+00:00\" \/>\n<meta property=\"og:image\" content=\"https:\/\/web2.schoolaboo.com\/wp-content\/uploads\/2020\/09\/board-784363_1920.jpg\" \/>\n\t<meta property=\"og:image:width\" content=\"1920\" \/>\n\t<meta property=\"og:image:height\" content=\"1371\" \/>\n\t<meta property=\"og:image:type\" content=\"image\/jpeg\" \/>\n<meta name=\"twitter:card\" content=\"summary_large_image\" \/>\n<script type=\"application\/ld+json\" class=\"yoast-schema-graph\">{\"@context\":\"https:\\\/\\\/schema.org\",\"@graph\":[{\"@type\":\"WebPage\",\"@id\":\"https:\\\/\\\/web2.schoolaboo.com\\\/es\\\/book-a-coach\\\/\",\"url\":\"https:\\\/\\\/web2.schoolaboo.com\\\/es\\\/book-a-coach\\\/\",\"name\":\"Book a coach - Privatschul Verzeichnis und Beratung\",\"isPartOf\":{\"@id\":\"https:\\\/\\\/web2.schoolaboo.com\\\/es\\\/#website\"},\"primaryImageOfPage\":{\"@id\":\"https:\\\/\\\/web2.schoolaboo.com\\\/es\\\/book-a-coach\\\/#primaryimage\"},\"image\":{\"@id\":\"https:\\\/\\\/web2.schoolaboo.com\\\/es\\\/book-a-coach\\\/#primaryimage\"},\"thumbnailUrl\":\"https:\\\/\\\/web2.schoolaboo.com\\\/wp-content\\\/uploads\\\/2020\\\/09\\\/board-784363_1920.jpg\",\"datePublished\":\"2021-01-24T16:53:55+00:00\",\"dateModified\":\"2021-02-16T11:05:58+00:00\",\"description\":\"Con nuestros entrenadores puede encontrar la escuela privada adecuada en Suiza para el tipo de aprendizaje de su hijo. Encuentra una escuela ahora.\",\"breadcrumb\":{\"@id\":\"https:\\\/\\\/web2.schoolaboo.com\\\/es\\\/book-a-coach\\\/#breadcrumb\"},\"inLanguage\":\"es\",\"potentialAction\":[{\"@type\":\"ReadAction\",\"target\":[\"https:\\\/\\\/web2.schoolaboo.com\\\/es\\\/book-a-coach\\\/\"]}]},{\"@type\":\"ImageObject\",\"inLanguage\":\"es\",\"@id\":\"https:\\\/\\\/web2.schoolaboo.com\\\/es\\\/book-a-coach\\\/#primaryimage\",\"url\":\"https:\\\/\\\/web2.schoolaboo.com\\\/wp-content\\\/uploads\\\/2020\\\/09\\\/board-784363_1920.jpg\",\"contentUrl\":\"https:\\\/\\\/web2.schoolaboo.com\\\/wp-content\\\/uploads\\\/2020\\\/09\\\/board-784363_1920.jpg\",\"width\":1920,\"height\":1371},{\"@type\":\"BreadcrumbList\",\"@id\":\"https:\\\/\\\/web2.schoolaboo.com\\\/es\\\/book-a-coach\\\/#breadcrumb\",\"itemListElement\":[{\"@type\":\"ListItem\",\"position\":1,\"name\":\"Startseite\",\"item\":\"https:\\\/\\\/web2.schoolaboo.com\\\/es\\\/\"},{\"@type\":\"ListItem\",\"position\":2,\"name\":\"Book a coach\"}]},{\"@type\":\"WebSite\",\"@id\":\"https:\\\/\\\/web2.schoolaboo.com\\\/es\\\/#website\",\"url\":\"https:\\\/\\\/web2.schoolaboo.com\\\/es\\\/\",\"name\":\"schoolaboo Schule suchen und finden\",\"description\":\"Privatschule finden und vergleichen\",\"publisher\":{\"@id\":\"https:\\\/\\\/web2.schoolaboo.com\\\/es\\\/#organization\"},\"potentialAction\":[{\"@type\":\"SearchAction\",\"target\":{\"@type\":\"EntryPoint\",\"urlTemplate\":\"https:\\\/\\\/web2.schoolaboo.com\\\/es\\\/?s={search_term_string}\"},\"query-input\":{\"@type\":\"PropertyValueSpecification\",\"valueRequired\":true,\"valueName\":\"search_term_string\"}}],\"inLanguage\":\"es\"},{\"@type\":\"Organization\",\"@id\":\"https:\\\/\\\/web2.schoolaboo.com\\\/es\\\/#organization\",\"name\":\"schoolaboo\",\"url\":\"https:\\\/\\\/web2.schoolaboo.com\\\/es\\\/\",\"logo\":{\"@type\":\"ImageObject\",\"inLanguage\":\"es\",\"@id\":\"https:\\\/\\\/web2.schoolaboo.com\\\/es\\\/#\\\/schema\\\/logo\\\/image\\\/\",\"url\":\"https:\\\/\\\/web2.schoolaboo.com\\\/wp-content\\\/uploads\\\/2025\\\/04\\\/schoolaboo_Signet_RGB_pos_72dpi.jpg\",\"contentUrl\":\"https:\\\/\\\/web2.schoolaboo.com\\\/wp-content\\\/uploads\\\/2025\\\/04\\\/schoolaboo_Signet_RGB_pos_72dpi.jpg\",\"width\":262,\"height\":86,\"caption\":\"schoolaboo\"},\"image\":{\"@id\":\"https:\\\/\\\/web2.schoolaboo.com\\\/es\\\/#\\\/schema\\\/logo\\\/image\\\/\"},\"sameAs\":[\"https:\\\/\\\/www.facebook.com\\\/schoolaboo\",\"https:\\\/\\\/www.linkedin.com\\\/showcase\\\/schoolaboo\"]}]}<\/script>\n<!-- \/ Yoast SEO Premium plugin. -->","yoast_head_json":{"title":"Book a coach - Privatschul Verzeichnis und Beratung","description":"Con nuestros entrenadores puede encontrar la escuela privada adecuada en Suiza para el tipo de aprendizaje de su hijo. Encuentra una escuela ahora.","robots":{"index":"noindex","follow":"follow","max-snippet":"max-snippet:-1","max-image-preview":"max-image-preview:large","max-video-preview":"max-video-preview:-1"},"og_locale":"es_ES","og_type":"article","og_title":"Book a coach","og_description":"Con nuestros entrenadores puede encontrar la escuela privada adecuada en Suiza para el tipo de aprendizaje de su hijo. Encuentra una escuela ahora.","og_url":"https:\/\/web2.schoolaboo.com\/es\/book-a-coach\/","og_site_name":"Privatschul Verzeichnis und Beratung","article_publisher":"https:\/\/www.facebook.com\/schoolaboo","article_modified_time":"2021-02-16T11:05:58+00:00","og_image":[{"width":1920,"height":1371,"url":"https:\/\/web2.schoolaboo.com\/wp-content\/uploads\/2020\/09\/board-784363_1920.jpg","type":"image\/jpeg"}],"twitter_card":"summary_large_image","schema":{"@context":"https:\/\/schema.org","@graph":[{"@type":"WebPage","@id":"https:\/\/web2.schoolaboo.com\/es\/book-a-coach\/","url":"https:\/\/web2.schoolaboo.com\/es\/book-a-coach\/","name":"Book a coach - Privatschul Verzeichnis und Beratung","isPartOf":{"@id":"https:\/\/web2.schoolaboo.com\/es\/#website"},"primaryImageOfPage":{"@id":"https:\/\/web2.schoolaboo.com\/es\/book-a-coach\/#primaryimage"},"image":{"@id":"https:\/\/web2.schoolaboo.com\/es\/book-a-coach\/#primaryimage"},"thumbnailUrl":"https:\/\/web2.schoolaboo.com\/wp-content\/uploads\/2020\/09\/board-784363_1920.jpg","datePublished":"2021-01-24T16:53:55+00:00","dateModified":"2021-02-16T11:05:58+00:00","description":"Con nuestros entrenadores puede encontrar la escuela privada adecuada en Suiza para el tipo de aprendizaje de su hijo. Encuentra una escuela ahora.","breadcrumb":{"@id":"https:\/\/web2.schoolaboo.com\/es\/book-a-coach\/#breadcrumb"},"inLanguage":"es","potentialAction":[{"@type":"ReadAction","target":["https:\/\/web2.schoolaboo.com\/es\/book-a-coach\/"]}]},{"@type":"ImageObject","inLanguage":"es","@id":"https:\/\/web2.schoolaboo.com\/es\/book-a-coach\/#primaryimage","url":"https:\/\/web2.schoolaboo.com\/wp-content\/uploads\/2020\/09\/board-784363_1920.jpg","contentUrl":"https:\/\/web2.schoolaboo.com\/wp-content\/uploads\/2020\/09\/board-784363_1920.jpg","width":1920,"height":1371},{"@type":"BreadcrumbList","@id":"https:\/\/web2.schoolaboo.com\/es\/book-a-coach\/#breadcrumb","itemListElement":[{"@type":"ListItem","position":1,"name":"Startseite","item":"https:\/\/web2.schoolaboo.com\/es\/"},{"@type":"ListItem","position":2,"name":"Book a coach"}]},{"@type":"WebSite","@id":"https:\/\/web2.schoolaboo.com\/es\/#website","url":"https:\/\/web2.schoolaboo.com\/es\/","name":"schoolaboo Schule suchen und finden","description":"Privatschule finden und vergleichen","publisher":{"@id":"https:\/\/web2.schoolaboo.com\/es\/#organization"},"potentialAction":[{"@type":"SearchAction","target":{"@type":"EntryPoint","urlTemplate":"https:\/\/web2.schoolaboo.com\/es\/?s={search_term_string}"},"query-input":{"@type":"PropertyValueSpecification","valueRequired":true,"valueName":"search_term_string"}}],"inLanguage":"es"},{"@type":"Organization","@id":"https:\/\/web2.schoolaboo.com\/es\/#organization","name":"schoolaboo","url":"https:\/\/web2.schoolaboo.com\/es\/","logo":{"@type":"ImageObject","inLanguage":"es","@id":"https:\/\/web2.schoolaboo.com\/es\/#\/schema\/logo\/image\/","url":"https:\/\/web2.schoolaboo.com\/wp-content\/uploads\/2025\/04\/schoolaboo_Signet_RGB_pos_72dpi.jpg","contentUrl":"https:\/\/web2.schoolaboo.com\/wp-content\/uploads\/2025\/04\/schoolaboo_Signet_RGB_pos_72dpi.jpg","width":262,"height":86,"caption":"schoolaboo"},"image":{"@id":"https:\/\/web2.schoolaboo.com\/es\/#\/schema\/logo\/image\/"},"sameAs":["https:\/\/www.facebook.com\/schoolaboo","https:\/\/www.linkedin.com\/showcase\/schoolaboo"]}]}},"_links":{"self":[{"href":"https:\/\/web2.schoolaboo.com\/es\/wp-json\/wp\/v2\/pages\/25189","targetHints":{"allow":["GET"]}}],"collection":[{"href":"https:\/\/web2.schoolaboo.com\/es\/wp-json\/wp\/v2\/pages"}],"about":[{"href":"https:\/\/web2.schoolaboo.com\/es\/wp-json\/wp\/v2\/types\/page"}],"author":[{"embeddable":true,"href":"https:\/\/web2.schoolaboo.com\/es\/wp-json\/wp\/v2\/users\/2"}],"replies":[{"embeddable":true,"href":"https:\/\/web2.schoolaboo.com\/es\/wp-json\/wp\/v2\/comments?post=25189"}],"version-history":[{"count":1,"href":"https:\/\/web2.schoolaboo.com\/es\/wp-json\/wp\/v2\/pages\/25189\/revisions"}],"predecessor-version":[{"id":26262,"href":"https:\/\/web2.schoolaboo.com\/es\/wp-json\/wp\/v2\/pages\/25189\/revisions\/26262"}],"wp:featuredmedia":[{"embeddable":true,"href":"https:\/\/web2.schoolaboo.com\/es\/wp-json\/wp\/v2\/media\/24265"}],"wp:attachment":[{"href":"https:\/\/web2.schoolaboo.com\/es\/wp-json\/wp\/v2\/media?parent=25189"}],"curies":[{"name":"wp","href":"https:\/\/api.w.org\/{rel}","templated":true}]}}