{"id":981,"date":"2015-11-09T19:04:46","date_gmt":"2015-11-09T19:04:46","guid":{"rendered":""},"modified":"2025-03-19T16:33:49","modified_gmt":"2025-03-19T15:33:49","slug":"permissions-and-copyright","status":"publish","type":"page","link":"https:\/\/web2.schoolaboo.com\/es\/permissions-and-copyright\/","title":{"rendered":"Datenschutzerkl\u00e4rung und Impressum"},"content":{"rendered":"<h2>Wer wir sind<\/h2>\r\n<!-- \/wp:post-content -->\r\n\r\n<!-- wp:paragraph -->\r\n<p>Die Adresse unserer Website ist: https:\/\/web2.schoolaboo.com<\/p>\r\n<h3>Herausgeberin<\/h3>\r\n<p>Schooladvisor GmbH Mangelegg 80 6430 Schwyz info@schooladvisor.ch +41 41 678 07 07<\/p>\r\n<h3>Allgemeine Gesch\u00e4ftsbedingungen\u00a0<\/h3>\r\n<p><span style=\"color: #99cc00;\"><a style=\"color: #99cc00;\" href=\"https:\/\/web2.schoolaboo.com\/wp-content\/uploads\/2021\/03\/Allgemeine-Geschaeftsbedingungen_AGB_2021.pdf\" target=\"_blank\" rel=\"noopener\">Unsere AGB&#8217;s finden Sie hier<\/a><\/span><\/p>\r\n<h3>Haftung<\/h3>\r\n<p>Schooladvisor \u00fcbernimmt trotz sorgf\u00e4ltiger Erstellung der Inhalte keine Haftung oder Gew\u00e4hrleistung f\u00fcr deren Aktualit\u00e4t, Genauig-, Zuverl\u00e4ssig-, Richtig- und Vollst\u00e4ndigkeit. Schooladvisor beh\u00e4lt sich vor, Inhalte jederzeit ohne Ank\u00fcndigung zu \u00e4ndern oder zu l\u00f6schen. Jegliche Haftungsanspr\u00fcche werden ausgeschlossen, insbesondere aufgrund Sch\u00e4digung (im-)materieller Art wegen der (Nicht-)Nutzung der Inhalte und Informationen auf dieser Website. Diese Seite erh\u00e4lt Hinweise, Verweise und Links auf Websiten von Dritten. Diese stehen nicht in unserer Verantwortung. Deren Nutzung (Informationen, Angebote oder Dienstleistungen) erfolgt auf deine eigene Gefahr. Schooladvisor hat keinen Einfluss auf deren Inhalte und Angebote, diese obliegen alleine in der Verantwortung der jeweiligen Seitenbetreiber\/Dritten. Jegliche Verantwortung wird abgelehnt. Lies dazu bitte weitere Informationen:<\/p>\r\n<!-- \/wp:paragraph -->\r\n\r\n<!-- wp:heading -->\r\n<h2>Welche personenbezogenen Daten wir sammeln und warum wir sie sammeln<\/h2>\r\n<!-- \/wp:heading -->\r\n\r\n<!-- wp:heading {\"level\":3} -->\r\n<h3>Kommentare<\/h3>\r\n<!-- \/wp:heading -->\r\n\r\n<!-- wp:paragraph -->\r\n<p>Wenn Besucher Kommentare auf der Website schreiben, sammeln wir die Daten, die im Kommentar-Formular angezeigt werden, au\u00dferdem die IP-Adresse des Besuchers und den User-Agent-String (damit wird der Browser identifiziert), um die Erkennung von Spam zu unterst\u00fctzen.<\/p>\r\n<!-- \/wp:paragraph -->\r\n\r\n<!-- wp:paragraph -->\r\n<p>Aus deiner E-Mail-Adresse kann eine anonymisierte Zeichenfolge erstellt (auch Hash genannt) und dem Gravatar-Dienst \u00fcbergeben werden, um zu pr\u00fcfen, ob du diesen benutzt. Nimm bitte zur Kenntnis, dass wir keine Kommentare aufschalten, bei welchen Emailadressen angegeben wurden, die nicht existieren. Die Datenschutzerkl\u00e4rung des Gravatar-Dienstes findest du hier: https:\/\/automattic.com\/privacy\/. Nachdem dein Kommentar freigegeben wurde, ist dein Profilbild \u00f6ffentlich im Kontext deines Kommentars sichtbar. Nimm bitte auch zur Kenntnis, dass wir keinen Kommentar publizieren werden, die nicht sachbezogen oder pers\u00f6nlichkeitsverletzend sind.<\/p>\r\n<!-- \/wp:paragraph -->\r\n\r\n<!-- wp:heading {\"level\":3} \/-->\r\n\r\n<!-- wp:heading {\"level\":3} -->\r\n<h3>Kontaktformulare und Cookies<\/h3>\r\n<!-- \/wp:heading -->\r\n\r\n<!-- wp:heading {\"level\":3} \/-->\r\n\r\n<!-- wp:paragraph -->\r\n<p>Wenn du einen Kommentar auf unserer Website schreibst, kann das eine Einwilligung sein, deinen Namen, E-Mail-Adresse und Website in Cookies zu speichern. Dies ist eine Komfortfunktion, damit du nicht, wenn du einen weiteren Kommentar schreibst, all diese Daten erneut eingeben musst. Diese Cookies werden ein Jahr lang gespeichert.<\/p>\r\n<!-- \/wp:paragraph -->\r\n\r\n<!-- wp:paragraph -->\r\n<p>Falls du ein Konto hast und dich auf dieser Website anmeldest, werden wir ein tempor\u00e4res Cookie setzen, um festzustellen, ob dein Browser Cookies akzeptiert. Dieses Cookie enth\u00e4lt keine personenbezogenen Daten und wird verworfen, wenn du deinen Browser schlie\u00dft.<\/p>\r\n<!-- \/wp:paragraph -->\r\n\r\n<!-- wp:paragraph -->\r\n<p>Wenn du dich anmeldest, werden wir einige Cookies einrichten, um deine Anmeldeinformationen und Anzeigeoptionen zu speichern. Anmelde-Cookies verfallen nach zwei Tagen und Cookies f\u00fcr die Anzeigeoptionen nach einem Jahr. Falls du bei der Anmeldung \u201eAngemeldet bleiben\u201c ausw\u00e4hlst, wird deine Anmeldung zwei Wochen lang aufrechterhalten. Mit der Abmeldung aus deinem Konto werden die Anmelde-Cookies gel\u00f6scht.<\/p>\r\n<!-- \/wp:paragraph -->\r\n\r\n<!-- wp:paragraph -->\r\n<p>Wenn du einen Artikel bearbeitest oder ver\u00f6ffentlichst, wird ein zus\u00e4tzlicher Cookie in deinem Browser gespeichert. Dieser Cookie enth\u00e4lt keine personenbezogenen Daten und verweist nur auf die Beitrags-ID des Artikels, den du gerade bearbeitet hast. Der Cookie verf\u00e4llt nach einem Tag. Du kannst auch selber im Browser einrichten, dass Cookies bei jedem Schliessen des Browsers sofort gel\u00f6scht werden. Oder sogar in den Browser-Einstellungen festlegen, dass gar keine Cookies gespeichert werden.<\/p>\r\n<!-- \/wp:paragraph -->\r\n\r\n<!-- wp:heading {\"level\":3} -->\r\n<h3>Eingebettete Inhalte von anderen Websites<\/h3>\r\n<!-- \/wp:heading -->\r\n\r\n<!-- wp:paragraph -->\r\n<p>Beitr\u00e4ge auf dieser Website k\u00f6nnen eingebettete Inhalte beinhalten (z.\u00a0B. Videos, Bilder, Beitr\u00e4ge etc.). Eingebettete Inhalte von anderen Websites verhalten sich exakt so, als ob der Besucher die andere Website besucht h\u00e4tte.<\/p>\r\n<!-- \/wp:paragraph -->\r\n\r\n<!-- wp:paragraph -->\r\n<p>Diese Websites k\u00f6nnen Daten \u00fcber dich sammeln, Cookies benutzen, zus\u00e4tzliche Tracking-Dienste von Dritten einbetten und deine Interaktion mit diesem eingebetteten Inhalt aufzeichnen, inklusive deiner Interaktion mit dem eingebetteten Inhalt, falls du ein Konto hast und auf dieser Website angemeldet bist.<\/p>\r\n<!-- \/wp:paragraph -->\r\n\r\n<!-- wp:heading {\"level\":3} \/-->\r\n\r\n<!-- wp:heading -->\r\n<h2>Mit wem wir deine Daten teilen, wie lange wir sie speichern und wohin wir deine Daten senden<\/h2>\r\n<!-- \/wp:heading -->\r\n\r\n<!-- wp:heading \/-->\r\n\r\n<!-- wp:paragraph -->\r\n<p>Wenn du einen Kommentar schreibst, wird dieser inklusive Metadaten zeitlich unbegrenzt gespeichert. Auf diese Art k\u00f6nnen wir Folgekommentare automatisch erkennen und freigeben, anstelle sie in einer Moderations-Warteschlange festzuhalten.<\/p>\r\n<!-- \/wp:paragraph -->\r\n\r\n<!-- wp:paragraph -->\r\n<p>F\u00fcr Benutzer, die sich auf unserer Website registrieren, speichern wir zus\u00e4tzlich die pers\u00f6nlichen Informationen, die sie in ihren Benutzerprofilen angeben. Alle Benutzer k\u00f6nnen jederzeit ihre pers\u00f6nlichen Informationen einsehen, ver\u00e4ndern oder l\u00f6schen (der Benutzername kann nicht ver\u00e4ndert werden). Administratoren der Website k\u00f6nnen diese Informationen ebenfalls einsehen und ver\u00e4ndern.<\/p>\r\n<h2>Wohin wir deine Daten senden<\/h2>\r\n<!-- \/wp:paragraph -->\r\n\r\n<!-- wp:paragraph -->\r\n<p>Besucher-Kommentare k\u00f6nnten von einem automatisierten Dienst zur Spam-Erkennung untersucht werden.<\/p>\r\n<h3>Google Analytics<\/h3>\r\n<p>Wir verwenden Google Analytics, der Web-Analysedienst von Google Inc. (\u201eGoogle\u201c). Google Analytics verwendet \u201eCookies\u201c, um die Analyse zu erm\u00f6glichen. Diese \u00fcbermitteln die Daten (inklusive der anonymisierten IP-Adresse an Google Inc. in den USA. Siehe die Verhinderung von Cookies oben unter Cookies. Wenn Sie unsere Website nutzen, erkl\u00e4ren Sie sich einverstanden mit Google Analytics. Bitte beachten Sie f\u00fcr weitere Infos zu Google Analytics: <span style=\"color: #00ff00;\"><a style=\"color: #00ff00;\" href=\"https:\/\/www.google.ch\/analytics\">https:\/\/www.google.ch\/analytics<\/a> <\/span><span style=\"color: #00ff00;\"><a style=\"color: #00ff00;\" href=\"http:\/\/www.google.ch\/intl\/de\/policies\/\">http:\/\/www.google.ch\/intl\/de\/policies\/<\/a> <\/span><span style=\"color: #00ff00;\"><a style=\"color: #00ff00;\" href=\"https:\/\/tools.google.com\/dlpage\/gaoptout?hl=de\">Daten\u00fcbermittlung an Google unterbinden: https:\/\/tools.google.com\/dlpage\/gaoptout?hl=de<\/a>.<\/span><\/p>\r\n<!-- \/wp:paragraph -->\r\n\r\n<!-- wp:heading -->\r\n<h2>Welche Rechte du an deinen Daten hast<\/h2>\r\n<!-- \/wp:heading -->\r\n\r\n<!-- wp:paragraph -->\r\n<p>Wenn du ein Konto auf dieser Website besitzt oder Kommentare geschrieben hast, kannst du einen Export deiner personenbezogenen Daten bei uns anfordern, inklusive aller Daten, die du uns mitgeteilt hast. Dar\u00fcber hinaus kannst du die L\u00f6schung aller personenbezogenen Daten, die wir von dir gespeichert haben, anfordern. Dies umfasst nicht die Daten, die wir aufgrund administrativer, rechtlicher oder sicherheitsrelevanter Notwendigkeiten aufbewahren m\u00fcssen.<\/p>\r\n<h3>Sichere Daten sind uns ein Anliegen<\/h3>\r\n<p>Schweizerischen Datenschutz Bestimmungen einhalten und sorgf\u00e4ltig mit Daten umzugehen, Massnahmen zu treffen, damit deine Daten nicht f\u00fcr Dritte zug\u00e4nglich sind, hat bei uns Priorit\u00e4t. Leider kann aber beim E-Mail-Verkehr keine vollst\u00e4ndige Sicherheit garantiert werden. Bitte teile uns mit, wenn du eine L\u00f6schung deiner Daten w\u00fcnscht.<\/p>\r\n<!-- \/wp:paragraph -->\r\n\r\n<!-- wp:heading \/-->\r\n\r\n<!-- wp:heading -->\r\n<h2>Kontakt<\/h2>\r\n<p>Bei Fragen kontaktieren Sie uns bitte. Die Datenschutzrichtlinie und die Haftungsbestimmungen werden wir regelm\u00e4ssig \u00fcberpr\u00fcfen und \u00fcberarbeiten.<\/p>\r\n<p>&nbsp;<\/p>\r\n<p>&nbsp;<\/p>","protected":false},"excerpt":{"rendered":"<p>&#8211;<\/p>\n","protected":false},"author":2,"featured_media":19796,"parent":0,"menu_order":0,"comment_status":"closed","ping_status":"closed","template":"","meta":{"content-type":"","footnotes":""},"class_list":["post-981","page","type-page","status-publish","has-post-thumbnail","hentry"],"yoast_head":"<!-- This site is optimized with the Yoast SEO Premium plugin v23.3 (Yoast SEO v27.4) - https:\/\/yoast.com\/product\/yoast-seo-premium-wordpress\/ -->\n<title>Datenschutzerkl\u00e4rung und Impressum - Privatschul Verzeichnis und Beratung<\/title>\n<meta name=\"robots\" content=\"noindex, follow, max-snippet:-1, max-image-preview:large, max-video-preview:-1\" \/>\n<meta property=\"og:locale\" content=\"es_ES\" \/>\n<meta property=\"og:type\" content=\"article\" \/>\n<meta property=\"og:title\" content=\"Datenschutzerkl\u00e4rung und Impressum\" \/>\n<meta property=\"og:description\" content=\"-\" \/>\n<meta property=\"og:url\" content=\"https:\/\/web2.schoolaboo.com\/es\/permissions-and-copyright\/\" \/>\n<meta property=\"og:site_name\" content=\"Privatschul Verzeichnis und Beratung\" \/>\n<meta property=\"article:publisher\" content=\"https:\/\/www.facebook.com\/schoolaboo\" \/>\n<meta property=\"article:modified_time\" content=\"2025-03-19T15:33:49+00:00\" \/>\n<meta property=\"og:image\" content=\"https:\/\/web2.schoolaboo.com\/wp-content\/uploads\/2020\/05\/arches-1851520_1280.jpg\" \/>\n\t<meta property=\"og:image:width\" content=\"1280\" \/>\n\t<meta property=\"og:image:height\" content=\"853\" \/>\n\t<meta property=\"og:image:type\" content=\"image\/jpeg\" \/>\n<meta name=\"twitter:card\" content=\"summary_large_image\" \/>\n<meta name=\"twitter:label1\" content=\"Tiempo de lectura\" \/>\n\t<meta name=\"twitter:data1\" content=\"6 minutos\" \/>\n<script type=\"application\/ld+json\" class=\"yoast-schema-graph\">{\"@context\":\"https:\\\/\\\/schema.org\",\"@graph\":[{\"@type\":\"WebPage\",\"@id\":\"https:\\\/\\\/web2.schoolaboo.com\\\/es\\\/permissions-and-copyright\\\/\",\"url\":\"https:\\\/\\\/web2.schoolaboo.com\\\/es\\\/permissions-and-copyright\\\/\",\"name\":\"Datenschutzerkl\u00e4rung und Impressum - Privatschul Verzeichnis und Beratung\",\"isPartOf\":{\"@id\":\"https:\\\/\\\/web2.schoolaboo.com\\\/es\\\/#website\"},\"primaryImageOfPage\":{\"@id\":\"https:\\\/\\\/web2.schoolaboo.com\\\/es\\\/permissions-and-copyright\\\/#primaryimage\"},\"image\":{\"@id\":\"https:\\\/\\\/web2.schoolaboo.com\\\/es\\\/permissions-and-copyright\\\/#primaryimage\"},\"thumbnailUrl\":\"https:\\\/\\\/web2.schoolaboo.com\\\/wp-content\\\/uploads\\\/2020\\\/05\\\/arches-1851520_1280.jpg\",\"datePublished\":\"2015-11-09T19:04:46+00:00\",\"dateModified\":\"2025-03-19T15:33:49+00:00\",\"breadcrumb\":{\"@id\":\"https:\\\/\\\/web2.schoolaboo.com\\\/es\\\/permissions-and-copyright\\\/#breadcrumb\"},\"inLanguage\":\"es\",\"potentialAction\":[{\"@type\":\"ReadAction\",\"target\":[\"https:\\\/\\\/web2.schoolaboo.com\\\/es\\\/permissions-and-copyright\\\/\"]}]},{\"@type\":\"ImageObject\",\"inLanguage\":\"es\",\"@id\":\"https:\\\/\\\/web2.schoolaboo.com\\\/es\\\/permissions-and-copyright\\\/#primaryimage\",\"url\":\"https:\\\/\\\/web2.schoolaboo.com\\\/wp-content\\\/uploads\\\/2020\\\/05\\\/arches-1851520_1280.jpg\",\"contentUrl\":\"https:\\\/\\\/web2.schoolaboo.com\\\/wp-content\\\/uploads\\\/2020\\\/05\\\/arches-1851520_1280.jpg\",\"width\":1280,\"height\":853},{\"@type\":\"BreadcrumbList\",\"@id\":\"https:\\\/\\\/web2.schoolaboo.com\\\/es\\\/permissions-and-copyright\\\/#breadcrumb\",\"itemListElement\":[{\"@type\":\"ListItem\",\"position\":1,\"name\":\"Startseite\",\"item\":\"https:\\\/\\\/web2.schoolaboo.com\\\/es\\\/\"},{\"@type\":\"ListItem\",\"position\":2,\"name\":\"Datenschutzerkl\u00e4rung und Impressum\"}]},{\"@type\":\"WebSite\",\"@id\":\"https:\\\/\\\/web2.schoolaboo.com\\\/es\\\/#website\",\"url\":\"https:\\\/\\\/web2.schoolaboo.com\\\/es\\\/\",\"name\":\"schoolaboo Schule suchen und finden\",\"description\":\"Privatschule finden und vergleichen\",\"publisher\":{\"@id\":\"https:\\\/\\\/web2.schoolaboo.com\\\/es\\\/#organization\"},\"potentialAction\":[{\"@type\":\"SearchAction\",\"target\":{\"@type\":\"EntryPoint\",\"urlTemplate\":\"https:\\\/\\\/web2.schoolaboo.com\\\/es\\\/?s={search_term_string}\"},\"query-input\":{\"@type\":\"PropertyValueSpecification\",\"valueRequired\":true,\"valueName\":\"search_term_string\"}}],\"inLanguage\":\"es\"},{\"@type\":\"Organization\",\"@id\":\"https:\\\/\\\/web2.schoolaboo.com\\\/es\\\/#organization\",\"name\":\"schoolaboo\",\"url\":\"https:\\\/\\\/web2.schoolaboo.com\\\/es\\\/\",\"logo\":{\"@type\":\"ImageObject\",\"inLanguage\":\"es\",\"@id\":\"https:\\\/\\\/web2.schoolaboo.com\\\/es\\\/#\\\/schema\\\/logo\\\/image\\\/\",\"url\":\"https:\\\/\\\/web2.schoolaboo.com\\\/wp-content\\\/uploads\\\/2025\\\/04\\\/schoolaboo_Signet_RGB_pos_72dpi.jpg\",\"contentUrl\":\"https:\\\/\\\/web2.schoolaboo.com\\\/wp-content\\\/uploads\\\/2025\\\/04\\\/schoolaboo_Signet_RGB_pos_72dpi.jpg\",\"width\":262,\"height\":86,\"caption\":\"schoolaboo\"},\"image\":{\"@id\":\"https:\\\/\\\/web2.schoolaboo.com\\\/es\\\/#\\\/schema\\\/logo\\\/image\\\/\"},\"sameAs\":[\"https:\\\/\\\/www.facebook.com\\\/schoolaboo\",\"https:\\\/\\\/www.linkedin.com\\\/showcase\\\/schoolaboo\"]}]}<\/script>\n<!-- \/ Yoast SEO Premium plugin. -->","yoast_head_json":{"title":"Datenschutzerkl\u00e4rung und Impressum - Privatschul Verzeichnis und Beratung","robots":{"index":"noindex","follow":"follow","max-snippet":"max-snippet:-1","max-image-preview":"max-image-preview:large","max-video-preview":"max-video-preview:-1"},"og_locale":"es_ES","og_type":"article","og_title":"Datenschutzerkl\u00e4rung und Impressum","og_description":"-","og_url":"https:\/\/web2.schoolaboo.com\/es\/permissions-and-copyright\/","og_site_name":"Privatschul Verzeichnis und Beratung","article_publisher":"https:\/\/www.facebook.com\/schoolaboo","article_modified_time":"2025-03-19T15:33:49+00:00","og_image":[{"width":1280,"height":853,"url":"https:\/\/web2.schoolaboo.com\/wp-content\/uploads\/2020\/05\/arches-1851520_1280.jpg","type":"image\/jpeg"}],"twitter_card":"summary_large_image","twitter_misc":{"Tiempo de lectura":"6 minutos"},"schema":{"@context":"https:\/\/schema.org","@graph":[{"@type":"WebPage","@id":"https:\/\/web2.schoolaboo.com\/es\/permissions-and-copyright\/","url":"https:\/\/web2.schoolaboo.com\/es\/permissions-and-copyright\/","name":"Datenschutzerkl\u00e4rung und Impressum - Privatschul Verzeichnis und Beratung","isPartOf":{"@id":"https:\/\/web2.schoolaboo.com\/es\/#website"},"primaryImageOfPage":{"@id":"https:\/\/web2.schoolaboo.com\/es\/permissions-and-copyright\/#primaryimage"},"image":{"@id":"https:\/\/web2.schoolaboo.com\/es\/permissions-and-copyright\/#primaryimage"},"thumbnailUrl":"https:\/\/web2.schoolaboo.com\/wp-content\/uploads\/2020\/05\/arches-1851520_1280.jpg","datePublished":"2015-11-09T19:04:46+00:00","dateModified":"2025-03-19T15:33:49+00:00","breadcrumb":{"@id":"https:\/\/web2.schoolaboo.com\/es\/permissions-and-copyright\/#breadcrumb"},"inLanguage":"es","potentialAction":[{"@type":"ReadAction","target":["https:\/\/web2.schoolaboo.com\/es\/permissions-and-copyright\/"]}]},{"@type":"ImageObject","inLanguage":"es","@id":"https:\/\/web2.schoolaboo.com\/es\/permissions-and-copyright\/#primaryimage","url":"https:\/\/web2.schoolaboo.com\/wp-content\/uploads\/2020\/05\/arches-1851520_1280.jpg","contentUrl":"https:\/\/web2.schoolaboo.com\/wp-content\/uploads\/2020\/05\/arches-1851520_1280.jpg","width":1280,"height":853},{"@type":"BreadcrumbList","@id":"https:\/\/web2.schoolaboo.com\/es\/permissions-and-copyright\/#breadcrumb","itemListElement":[{"@type":"ListItem","position":1,"name":"Startseite","item":"https:\/\/web2.schoolaboo.com\/es\/"},{"@type":"ListItem","position":2,"name":"Datenschutzerkl\u00e4rung und Impressum"}]},{"@type":"WebSite","@id":"https:\/\/web2.schoolaboo.com\/es\/#website","url":"https:\/\/web2.schoolaboo.com\/es\/","name":"schoolaboo Schule suchen und finden","description":"Privatschule finden und vergleichen","publisher":{"@id":"https:\/\/web2.schoolaboo.com\/es\/#organization"},"potentialAction":[{"@type":"SearchAction","target":{"@type":"EntryPoint","urlTemplate":"https:\/\/web2.schoolaboo.com\/es\/?s={search_term_string}"},"query-input":{"@type":"PropertyValueSpecification","valueRequired":true,"valueName":"search_term_string"}}],"inLanguage":"es"},{"@type":"Organization","@id":"https:\/\/web2.schoolaboo.com\/es\/#organization","name":"schoolaboo","url":"https:\/\/web2.schoolaboo.com\/es\/","logo":{"@type":"ImageObject","inLanguage":"es","@id":"https:\/\/web2.schoolaboo.com\/es\/#\/schema\/logo\/image\/","url":"https:\/\/web2.schoolaboo.com\/wp-content\/uploads\/2025\/04\/schoolaboo_Signet_RGB_pos_72dpi.jpg","contentUrl":"https:\/\/web2.schoolaboo.com\/wp-content\/uploads\/2025\/04\/schoolaboo_Signet_RGB_pos_72dpi.jpg","width":262,"height":86,"caption":"schoolaboo"},"image":{"@id":"https:\/\/web2.schoolaboo.com\/es\/#\/schema\/logo\/image\/"},"sameAs":["https:\/\/www.facebook.com\/schoolaboo","https:\/\/www.linkedin.com\/showcase\/schoolaboo"]}]}},"_links":{"self":[{"href":"https:\/\/web2.schoolaboo.com\/es\/wp-json\/wp\/v2\/pages\/981","targetHints":{"allow":["GET"]}}],"collection":[{"href":"https:\/\/web2.schoolaboo.com\/es\/wp-json\/wp\/v2\/pages"}],"about":[{"href":"https:\/\/web2.schoolaboo.com\/es\/wp-json\/wp\/v2\/types\/page"}],"author":[{"embeddable":true,"href":"https:\/\/web2.schoolaboo.com\/es\/wp-json\/wp\/v2\/users\/2"}],"replies":[{"embeddable":true,"href":"https:\/\/web2.schoolaboo.com\/es\/wp-json\/wp\/v2\/comments?post=981"}],"version-history":[{"count":12,"href":"https:\/\/web2.schoolaboo.com\/es\/wp-json\/wp\/v2\/pages\/981\/revisions"}],"predecessor-version":[{"id":31177,"href":"https:\/\/web2.schoolaboo.com\/es\/wp-json\/wp\/v2\/pages\/981\/revisions\/31177"}],"wp:featuredmedia":[{"embeddable":true,"href":"https:\/\/web2.schoolaboo.com\/es\/wp-json\/wp\/v2\/media\/19796"}],"wp:attachment":[{"href":"https:\/\/web2.schoolaboo.com\/es\/wp-json\/wp\/v2\/media?parent=981"}],"curies":[{"name":"wp","href":"https:\/\/api.w.org\/{rel}","templated":true}]}}