{"id":20646,"date":"2020-10-14T15:40:32","date_gmt":"2020-10-14T13:40:32","guid":{"rendered":"https:\/\/schoolaboo.ch\/trouves-toi-ecole-appropriee\/"},"modified":"2020-12-21T18:22:30","modified_gmt":"2020-12-21T17:22:30","slug":"trouves-toi-ecole-appropriee","status":"publish","type":"page","link":"https:\/\/web2.schoolaboo.com\/fr\/","title":{"rendered":"Trouvez l&rsquo;\u00e9cole priv\u00e9e qui vous convient !"},"content":{"rendered":"","protected":false},"excerpt":{"rendered":"<p>Trouvez l&rsquo;\u00e9cole priv\u00e9e suisse qui vous convient parmi 786 \u00e9tablissements !<\/p>\n","protected":false},"author":2,"featured_media":0,"parent":0,"menu_order":0,"comment_status":"closed","ping_status":"closed","template":"page-templates\/front_page.php","meta":{"content-type":"","footnotes":""},"class_list":["post-20646","page","type-page","status-publish","hentry"],"yoast_head":"<!-- This site is optimized with the Yoast SEO Premium plugin v23.3 (Yoast SEO v27.4) - https:\/\/yoast.com\/product\/yoast-seo-premium-wordpress\/ -->\n<title>schoolaboo - trouvez l&#039;\u00e9cole qui vous convient !<\/title>\n<meta name=\"description\" content=\"schoolaboo aide les parents \u00e0 trouver l&#039;\u00e9tablissement qui vous convient parmi toutes les offres en Suisse.\" \/>\n<meta name=\"robots\" content=\"noindex, follow, max-snippet:-1, max-image-preview:large, max-video-preview:-1\" \/>\n<meta property=\"og:locale\" content=\"fr_FR\" \/>\n<meta property=\"og:type\" content=\"article\" \/>\n<meta property=\"og:title\" content=\"Trouvez l&#039;\u00e9cole priv\u00e9e qui vous convient !\" \/>\n<meta property=\"og:description\" content=\"schoolaboo aide les parents \u00e0 trouver l&#039;\u00e9tablissement qui vous convient parmi toutes les offres en Suisse.\" \/>\n<meta property=\"og:url\" content=\"https:\/\/web2.schoolaboo.com\/fr\/\" \/>\n<meta property=\"og:site_name\" content=\"Privatschul Verzeichnis und Beratung\" \/>\n<meta property=\"article:publisher\" content=\"https:\/\/www.facebook.com\/schoolaboo\" \/>\n<meta property=\"article:modified_time\" content=\"2020-12-21T17:22:30+00:00\" \/>\n<meta name=\"twitter:card\" content=\"summary_large_image\" \/>\n<script type=\"application\/ld+json\" class=\"yoast-schema-graph\">{\"@context\":\"https:\\\/\\\/schema.org\",\"@graph\":[{\"@type\":\"WebPage\",\"@id\":\"https:\\\/\\\/web2.schoolaboo.com\\\/fr\\\/\",\"url\":\"https:\\\/\\\/web2.schoolaboo.com\\\/fr\\\/\",\"name\":\"schoolaboo - trouvez l'\u00e9cole qui vous convient !\",\"isPartOf\":{\"@id\":\"https:\\\/\\\/web2.schoolaboo.com\\\/fr\\\/#website\"},\"datePublished\":\"2020-10-14T13:40:32+00:00\",\"dateModified\":\"2020-12-21T17:22:30+00:00\",\"description\":\"schoolaboo aide les parents \u00e0 trouver l'\u00e9tablissement qui vous convient parmi toutes les offres en Suisse.\",\"breadcrumb\":{\"@id\":\"https:\\\/\\\/web2.schoolaboo.com\\\/fr\\\/#breadcrumb\"},\"inLanguage\":\"fr-FR\",\"potentialAction\":[{\"@type\":\"ReadAction\",\"target\":[\"https:\\\/\\\/web2.schoolaboo.com\\\/fr\\\/\"]}]},{\"@type\":\"BreadcrumbList\",\"@id\":\"https:\\\/\\\/web2.schoolaboo.com\\\/fr\\\/#breadcrumb\",\"itemListElement\":[{\"@type\":\"ListItem\",\"position\":1,\"name\":\"Startseite\",\"item\":\"https:\\\/\\\/web2.schoolaboo.com\\\/fr\\\/\"},{\"@type\":\"ListItem\",\"position\":2,\"name\":\"Trouvez l&rsquo;\u00e9cole priv\u00e9e qui vous convient !\"}]},{\"@type\":\"WebSite\",\"@id\":\"https:\\\/\\\/web2.schoolaboo.com\\\/fr\\\/#website\",\"url\":\"https:\\\/\\\/web2.schoolaboo.com\\\/fr\\\/\",\"name\":\"schoolaboo Schule suchen und finden\",\"description\":\"Privatschule finden und vergleichen\",\"publisher\":{\"@id\":\"https:\\\/\\\/web2.schoolaboo.com\\\/fr\\\/#organization\"},\"potentialAction\":[{\"@type\":\"SearchAction\",\"target\":{\"@type\":\"EntryPoint\",\"urlTemplate\":\"https:\\\/\\\/web2.schoolaboo.com\\\/fr\\\/?s={search_term_string}\"},\"query-input\":{\"@type\":\"PropertyValueSpecification\",\"valueRequired\":true,\"valueName\":\"search_term_string\"}}],\"inLanguage\":\"fr-FR\"},{\"@type\":\"Organization\",\"@id\":\"https:\\\/\\\/web2.schoolaboo.com\\\/fr\\\/#organization\",\"name\":\"schoolaboo\",\"url\":\"https:\\\/\\\/web2.schoolaboo.com\\\/fr\\\/\",\"logo\":{\"@type\":\"ImageObject\",\"inLanguage\":\"fr-FR\",\"@id\":\"https:\\\/\\\/web2.schoolaboo.com\\\/fr\\\/#\\\/schema\\\/logo\\\/image\\\/\",\"url\":\"https:\\\/\\\/web2.schoolaboo.com\\\/wp-content\\\/uploads\\\/2025\\\/04\\\/schoolaboo_Signet_RGB_pos_72dpi.jpg\",\"contentUrl\":\"https:\\\/\\\/web2.schoolaboo.com\\\/wp-content\\\/uploads\\\/2025\\\/04\\\/schoolaboo_Signet_RGB_pos_72dpi.jpg\",\"width\":262,\"height\":86,\"caption\":\"schoolaboo\"},\"image\":{\"@id\":\"https:\\\/\\\/web2.schoolaboo.com\\\/fr\\\/#\\\/schema\\\/logo\\\/image\\\/\"},\"sameAs\":[\"https:\\\/\\\/www.facebook.com\\\/schoolaboo\",\"https:\\\/\\\/www.linkedin.com\\\/showcase\\\/schoolaboo\"]}]}<\/script>\n<!-- \/ Yoast SEO Premium plugin. -->","yoast_head_json":{"title":"schoolaboo - trouvez l'\u00e9cole qui vous convient !","description":"schoolaboo aide les parents \u00e0 trouver l'\u00e9tablissement qui vous convient parmi toutes les offres en Suisse.","robots":{"index":"noindex","follow":"follow","max-snippet":"max-snippet:-1","max-image-preview":"max-image-preview:large","max-video-preview":"max-video-preview:-1"},"og_locale":"fr_FR","og_type":"article","og_title":"Trouvez l'\u00e9cole priv\u00e9e qui vous convient !","og_description":"schoolaboo aide les parents \u00e0 trouver l'\u00e9tablissement qui vous convient parmi toutes les offres en Suisse.","og_url":"https:\/\/web2.schoolaboo.com\/fr\/","og_site_name":"Privatschul Verzeichnis und Beratung","article_publisher":"https:\/\/www.facebook.com\/schoolaboo","article_modified_time":"2020-12-21T17:22:30+00:00","twitter_card":"summary_large_image","schema":{"@context":"https:\/\/schema.org","@graph":[{"@type":"WebPage","@id":"https:\/\/web2.schoolaboo.com\/fr\/","url":"https:\/\/web2.schoolaboo.com\/fr\/","name":"schoolaboo - trouvez l'\u00e9cole qui vous convient !","isPartOf":{"@id":"https:\/\/web2.schoolaboo.com\/fr\/#website"},"datePublished":"2020-10-14T13:40:32+00:00","dateModified":"2020-12-21T17:22:30+00:00","description":"schoolaboo aide les parents \u00e0 trouver l'\u00e9tablissement qui vous convient parmi toutes les offres en Suisse.","breadcrumb":{"@id":"https:\/\/web2.schoolaboo.com\/fr\/#breadcrumb"},"inLanguage":"fr-FR","potentialAction":[{"@type":"ReadAction","target":["https:\/\/web2.schoolaboo.com\/fr\/"]}]},{"@type":"BreadcrumbList","@id":"https:\/\/web2.schoolaboo.com\/fr\/#breadcrumb","itemListElement":[{"@type":"ListItem","position":1,"name":"Startseite","item":"https:\/\/web2.schoolaboo.com\/fr\/"},{"@type":"ListItem","position":2,"name":"Trouvez l&rsquo;\u00e9cole priv\u00e9e qui vous convient !"}]},{"@type":"WebSite","@id":"https:\/\/web2.schoolaboo.com\/fr\/#website","url":"https:\/\/web2.schoolaboo.com\/fr\/","name":"schoolaboo Schule suchen und finden","description":"Privatschule finden und vergleichen","publisher":{"@id":"https:\/\/web2.schoolaboo.com\/fr\/#organization"},"potentialAction":[{"@type":"SearchAction","target":{"@type":"EntryPoint","urlTemplate":"https:\/\/web2.schoolaboo.com\/fr\/?s={search_term_string}"},"query-input":{"@type":"PropertyValueSpecification","valueRequired":true,"valueName":"search_term_string"}}],"inLanguage":"fr-FR"},{"@type":"Organization","@id":"https:\/\/web2.schoolaboo.com\/fr\/#organization","name":"schoolaboo","url":"https:\/\/web2.schoolaboo.com\/fr\/","logo":{"@type":"ImageObject","inLanguage":"fr-FR","@id":"https:\/\/web2.schoolaboo.com\/fr\/#\/schema\/logo\/image\/","url":"https:\/\/web2.schoolaboo.com\/wp-content\/uploads\/2025\/04\/schoolaboo_Signet_RGB_pos_72dpi.jpg","contentUrl":"https:\/\/web2.schoolaboo.com\/wp-content\/uploads\/2025\/04\/schoolaboo_Signet_RGB_pos_72dpi.jpg","width":262,"height":86,"caption":"schoolaboo"},"image":{"@id":"https:\/\/web2.schoolaboo.com\/fr\/#\/schema\/logo\/image\/"},"sameAs":["https:\/\/www.facebook.com\/schoolaboo","https:\/\/www.linkedin.com\/showcase\/schoolaboo"]}]}},"_links":{"self":[{"href":"https:\/\/web2.schoolaboo.com\/fr\/wp-json\/wp\/v2\/pages\/20646","targetHints":{"allow":["GET"]}}],"collection":[{"href":"https:\/\/web2.schoolaboo.com\/fr\/wp-json\/wp\/v2\/pages"}],"about":[{"href":"https:\/\/web2.schoolaboo.com\/fr\/wp-json\/wp\/v2\/types\/page"}],"author":[{"embeddable":true,"href":"https:\/\/web2.schoolaboo.com\/fr\/wp-json\/wp\/v2\/users\/2"}],"replies":[{"embeddable":true,"href":"https:\/\/web2.schoolaboo.com\/fr\/wp-json\/wp\/v2\/comments?post=20646"}],"version-history":[{"count":4,"href":"https:\/\/web2.schoolaboo.com\/fr\/wp-json\/wp\/v2\/pages\/20646\/revisions"}],"predecessor-version":[{"id":23953,"href":"https:\/\/web2.schoolaboo.com\/fr\/wp-json\/wp\/v2\/pages\/20646\/revisions\/23953"}],"wp:attachment":[{"href":"https:\/\/web2.schoolaboo.com\/fr\/wp-json\/wp\/v2\/media?parent=20646"}],"curies":[{"name":"wp","href":"https:\/\/api.w.org\/{rel}","templated":true}]}}