{"id":24053,"date":"2020-12-29T16:28:51","date_gmt":"2020-12-29T15:28:51","guid":{"rendered":"https:\/\/schoolaboo.ch\/?page_id=24053"},"modified":"2022-07-26T16:44:49","modified_gmt":"2022-07-26T14:44:49","slug":"conseils-pour-les-parents-et-les-jeunes-2","status":"publish","type":"page","link":"https:\/\/web2.schoolaboo.com\/fr\/conseils-pour-les-parents-et-les-jeunes-2\/","title":{"rendered":"Conseils pour les parents et les jeunes"},"content":{"rendered":"<h2>Conseils pour les jeunes<\/h2>\n<p>L&rsquo;art du mentorat consiste \u00e0 donner \u00e0 la personne accompagn\u00e9e tous les instruments lui permettant de r\u00e9soudre un probl\u00e8me elle-m\u00eame ou suivre le mode de vie qui lui convient. Cela s&rsquo;applique tant au parcours \u00e9ducatif individuel qu&rsquo;aux d\u00e9fis de la vie quotidienne.<\/p>\n<p>Au cours de la conversation, le mentor d\u00e9couvre quel type d&rsquo;apprentissage s&rsquo;applique \u00e0 l&rsquo;enfant et quels sont ses souhaits. De cette mani\u00e8re, l&rsquo;enfant pourra entrer dans une \u00e9cole qui tiendra compte de ces points et restera motiv\u00e9 tout au long de sa scolarit\u00e9.<\/p>\n<h2>Trouver l\u2019\u00e9tablissement qui conviendra le mieux \u00e0 votre enfant &#8211; conseil pour les parents<\/h2>\n<p>Le paysage \u00e9ducatif suisse compte un grand nombre d&rsquo;\u00e9tablissements d&rsquo;enseignement offrant toute une diversit\u00e9 de cours et d&rsquo;approches didactiques. C&rsquo;est pourquoi, les parents ont des difficult\u00e9s \u00e0 choisir l&rsquo;\u00e9cole \u00e0 m\u00eame de promouvoir au mieux les talents et les comp\u00e9tences de leurs enfants. Votre interlocuteur chez schoolaboo, vous indiquera, par le biais du mentorat, quel sera l\u2019\u00e9tablissement qui conviendra le mieux \u00e0 votre enfant. Contactez-nous par email: info@schoolaboo.ch<br \/>\nou par t\u00e9l\u00e9phone: +41 79 236 92 27<\/p>\n<h2>Notre philosophie<\/h2>\n<p>Certains conseillers d&rsquo;\u00e9coles priv\u00e9es offrent aux parents des conseils gratuits et personnalis\u00e9s. Par la suite, ils re\u00e7oivent une commission d&rsquo;interm\u00e9diation (environ 15\u00a0% des frais de scolarit\u00e9) de l&rsquo;\u00e9cole qu&rsquo;ils recommandent aux parents.<\/p>\n<p>Chez schoolaboo, nous travaillons <strong>sans provisions, facturons toutefois des honoraires fixes de mentorat<\/strong>.<\/p>\n<p>Nous vous garantissons ainsi un conseil ind\u00e9pendant et personnalis\u00e9 pour que votre enfant puisse suivre l&rsquo;\u00e9cole r\u00e9pondant le mieux \u00e0 ses besoins et \u00e0 ses exigences, tout en satisfaisant vos souhaits en tant que parents (ainsi que votre budget).<\/p>\n<h2>Nos tarifs<\/h2>\n<p><strong>CHF 135.- par heure<\/strong> pour un mentorat personnel. Hypnoth\u00e9rapie au tarif de CHF 160.-<\/p>\n<p>Il faut g\u00e9n\u00e9ralement compter entre\u00a0<strong>3 et 5 heures de mentorat<\/strong>. Celles-ci se d\u00e9roulent sur place, au bureau du mentor (mentor de votre r\u00e9gion) ou en ligne par appel vid\u00e9o (libre choix du mentor). Selon vos pr\u00e9f\u00e9rences, le mentor peut continuer \u00e0 accompagner votre enfant de fa\u00e7on r\u00e9guli\u00e8re, que ce soit pendant le temps d&rsquo;adaptation \u00e0 l&rsquo;\u00e9cole, en cas de difficult\u00e9s d&rsquo;apprentissage ou de motivation, ou pour relever des d\u00e9fis personnels.<\/p>\n<h2>Nos mentors<\/h2>\n<p>Tous les mentors disposent d&rsquo;une formation reconnue et travaillent depuis de nombreuses ann\u00e9es avec des enfants et des adolescents. Ils connaissent l&rsquo;environnement \u00e9ducatif et les exigences actuelles impos\u00e9es aux \u00e9coles et aux apprenants.<\/p>\n<div class=\"twocolumn\">\n<p><strong><span class=\"alignnone\"><img loading=\"lazy\" decoding=\"async\" class=\"alignnone wp-image-23667 size-full\" src=\"https:\/\/web2.schoolaboo.com\/wp-content\/uploads\/2020\/11\/Patrick-e1608636208902.jpeg\" alt=\"\" width=\"326\" height=\"326\" \/><\/span><br \/>\nPatric Reith<br \/>\n<\/strong>Collaborateur et conseiller scientifique, mentor pour adolescents et enseignant dans la formation professionnelle, il se distingue par son approche interdisciplinaire. En tant que sp\u00e9cialiste en science de l&rsquo;\u00e9ducation et collaborateur scientifique dans un office d&rsquo;enseignement secondaire II et de formation professionnelle, il est responsable d&rsquo;une part du domaine de l&rsquo;enseignement de la culture g\u00e9n\u00e9rale, d&rsquo;autre part de l&rsquo;accompagnement individuel comp\u00e9tent des adolescents. Il est actif en outre dans divers groupes de travail, enseigne dans des \u00e9coles professionnelles et accompagne des jeunes cumulant les difficult\u00e9s. Ainsi, il conna\u00eet bien les exigences des parents, des enfants, des \u00e9coles et de l&rsquo;\u00e9conomie et peut, dans sa fonction de mentor ou de conseiller, soutenir aussi bien les parents que les adolescents dans tous les d\u00e9fis scolaires au quotidien.<br \/>\n<span style=\"color: inherit; font-family: inherit; font-size: inherit;\">Langues : allemand, fran\u00e7ais<\/span><\/p>\n<p><span class=\"alignnone\"><img loading=\"lazy\" decoding=\"async\" class=\"alignnone wp-image-28679\" src=\"https:\/\/web2.schoolaboo.com\/wp-content\/uploads\/2021\/06\/Simon-Schmid.jpeg\" alt=\"\" width=\"300\" height=\"300\" srcset=\"https:\/\/web2.schoolaboo.com\/wp-content\/uploads\/2021\/06\/Simon-Schmid.jpeg 1122w, https:\/\/web2.schoolaboo.com\/wp-content\/uploads\/2021\/06\/Simon-Schmid-500x500.jpeg 500w, https:\/\/web2.schoolaboo.com\/wp-content\/uploads\/2021\/06\/Simon-Schmid-150x150.jpeg 150w, https:\/\/web2.schoolaboo.com\/wp-content\/uploads\/2021\/06\/Simon-Schmid-768x768.jpeg 768w, https:\/\/web2.schoolaboo.com\/wp-content\/uploads\/2021\/06\/Simon-Schmid-450x450.jpeg 450w, https:\/\/web2.schoolaboo.com\/wp-content\/uploads\/2021\/06\/Simon-Schmid-800x800.jpeg 800w\" sizes=\"auto, (max-width: 300px) 100vw, 300px\" \/><\/span><br \/>\n<strong style=\"color: inherit; font-family: inherit; font-size: inherit;\">Simon Schmid<br \/>\n<\/strong><span style=\"color: inherit; font-family: inherit; font-size: inherit;\">Seine berufliche Laufbahn ist alles andere als geradlinig. Il a d\u00e9but\u00e9 comme \u00e9lectronicien audio-vid\u00e9o chez BMS. Apr\u00e8s des \u00e9tudes de cin\u00e9ma \u00e0 l&rsquo;Universit\u00e9 des Arts de Zurich, il a travaill\u00e9 pendant plusieurs ann\u00e9es en tant que r\u00e9alisateur de films et de t\u00e9l\u00e9vision et directeur d&rsquo;un festival de cin\u00e9ma. Apr\u00e8s divers s\u00e9jours linguistiques, il a termin\u00e9 sa formation de Master of Advanced Studies (MAS) \u00e0 la ZHAW en orientation professionnelle, acad\u00e9mique et professionnelle et est maintenant copropri\u00e9taire de l&rsquo;Institut S&amp;B pour le travail et la vie. Aujourd&rsquo;hui, en tant qu&rsquo;auteur de supports p\u00e9dagogiques et conseiller ind\u00e9pendant professionnel, d&rsquo;\u00e9tudes et de carri\u00e8re, il accompagne les jeunes dans leur entr\u00e9e dans la carri\u00e8re, dans le choix d&rsquo;une fili\u00e8re d&rsquo;\u00e9tudes et les adultes dans la d\u00e9termination de leur situation actuelle et leur r\u00e9orientation.<br \/>\nLangues : allemand, fran\u00e7ais et anglais<\/span><br \/>\n<strong><span class=\"alignnone\"><img loading=\"lazy\" decoding=\"async\" class=\"alignnone wp-image-28380\" src=\"https:\/\/web2.schoolaboo.com\/wp-content\/uploads\/2021\/03\/Paola-1-e1616399762452.jpeg\" alt=\"\" width=\"251\" height=\"300\" \/><\/span><br \/>\nPaola Nancy Candela<\/strong><br \/>\nPaola Nancy Candela est enseignante et form\u00e9e comme coach mentale. Les connaissances socio-p\u00e9dagogiques du cours, les bases de la psychologie apprises lors de la formation de coach mental, ainsi que le travail effectu\u00e9 en tant qu&rsquo;enseignant sont des \u00e9l\u00e9ments importants qui l&rsquo;aident \u00e0 orienter les discussions de coaching individuel dans la bonne direction et \u00e0 atteindre succ\u00e8s durable. Paola propose du coaching sur divers sujets, tels que la pr\u00e9vention des blocages d&rsquo;apprentissage, la r\u00e9solution et la prise de peurs aux examens, des discussions sur le th\u00e8me du harc\u00e8lement, mais elle est \u00e9galement \u00e0 la disposition des enfants et des jeunes pour renforcer et d\u00e9velopper leur estime de soi et sur tous les sujets et d\u00e9fis. dans la phase exigeante de la vie de la pubert\u00e9 se posent.<br \/>\nLangues : allemand, anglais, italien, fran\u00e7ais<\/p>\n<p><span class=\"alignnone\"><img loading=\"lazy\" decoding=\"async\" class=\"alignnone wp-image-28387\" src=\"https:\/\/web2.schoolaboo.com\/wp-content\/uploads\/2021\/03\/Zahraa-1269x1500.jpg\" alt=\"\" width=\"282\" height=\"300\" \/><\/span><br \/>\n<strong>Zahraa Al Hemedawi<\/strong><br \/>\nZahraa Al Hemedawi est notre personne de contact pour tous les parents, enfants et jeunes arabophones. Etudiante en sciences de l&rsquo;\u00e9ducation, recherche sur les m\u00e9dias et sciences de la communication, elle est \u00e0 votre disposition. En plus de ses \u00e9tudes, elle apporte notamment une exp\u00e9rience dans le domaine de l&rsquo;\u00e9ducation \u00e0 travers son implication dans le secteur caritatif.<br \/>\nLangues : arabe, allemand, anglais, fran\u00e7ais et espagnol<\/p>\n<p><span class=\"alignnone\"><img loading=\"lazy\" decoding=\"async\" class=\"alignnone wp-image-28945 \" src=\"https:\/\/web2.schoolaboo.com\/wp-content\/uploads\/2021\/08\/d4ffd27f-f22d-483e-af5c-0c93858901ee-003-e1628857918124.jpg\" alt=\"\" width=\"282\" height=\"352\" \/><\/span><br \/>\n<strong>Heidy Walser<\/strong><br \/>\nHeidy est une enseignante dipl\u00f4m\u00e9e du primaire. Apr\u00e8s \u00eatre devenue m\u00e8re, elle a enseign\u00e9 \u00e0 temps partiel aux enfants comportementaux. L&rsquo;amour du sport l&rsquo;a motiv\u00e9e \u00e0 se former comme professeur de gymnastique. Quelques ann\u00e9es plus tard, elle a d\u00e9cid\u00e9 de suivre une formation universitaire en coaching mental ainsi qu&rsquo;en conseil de vie et social. Elle est \u00e9galement form\u00e9e dans une salle de gym c\u00e9r\u00e9brale. Depuis 2007, elle entra\u00eene non seulement des athl\u00e8tes, mais aussi de nombreux apprenants. Le monde des pens\u00e9es et comment celles-ci influencent nos sentiments et nos actions ainsi que notre comportement est au c\u0153ur de son travail. Elle montre avec enthousiasme \u00e0 ses clients \u00e0 quelle vitesse ils peuvent surmonter leurs goulots d&rsquo;\u00e9tranglement avec des techniques mentales, \u00e0 quel point il est important de croire en soi et comment ils peuvent atteindre leur plein potentiel. Dans le sport comme \u00e0 l&rsquo;\u00e9cole, elle accompagne les enfants et les jeunes \u00e0 mieux g\u00e9rer le stress, \u00e0 prendre conscience de leurs propres forces et \u00e0 atteindre leurs objectifs de mani\u00e8re cibl\u00e9e. Lors de sa derni\u00e8re formation, elle a appris \u00e0 conna\u00eetre l&rsquo;hypnose, qui lui permet de lib\u00e9rer encore mieux les blocages du subconscient.<br \/>\nLangues : allemand, anglais, fran\u00e7ais<\/p>\n<p><span class=\"alignnone\"><img loading=\"lazy\" decoding=\"async\" class=\"alignnone wp-image-28956 \" src=\"https:\/\/web2.schoolaboo.com\/wp-content\/uploads\/2021\/08\/Sabine-Grosjean-2021-photo-clair-003-scaled-e1629453830688.jpg\" alt=\"\" width=\"241\" height=\"294\" \/><\/span><\/p>\n<p><strong>Sabine Grosjean<\/strong><br \/>\nSabine Grosjean est coach, enseignante et formatrice pour adultes avec plus de 25 ans d\u2019exp\u00e9rience dans le domaine de l\u2019enseignement avec des jeunes de tout \u00e2ge ainsi que dans la formation des enseignants.\u00a0Elle s\u2019est sp\u00e9cialis\u00e9e dans le domaine du coaching en faisant une formation de coach professionnelle \u00e0 la F\u00e9d\u00e9ration Internationale de Coaching qu\u2019elle affine en ajoutant le coaching des enfants et des adolescents \u00e0 son arc. Elle souhaite placer l\u2019enfant au centre de ses pr\u00e9occupations en l\u2019accompagnant de mani\u00e8re bienveillante au-travers des d\u00e9fis rencontr\u00e9s tout au long de sa scolarit\u00e9 obligatoire et sup\u00e9rieure.\u00a0Elle met aujourd\u2019hui ses comp\u00e9tences \u00e0 disposition de diff\u00e9rentes institutions en accompagnant des personnes dans le domaine de la recherche d\u2019emploi et de la d\u00e9couverte de comp\u00e9tences tout en gardant un pied dans l\u2019enseignement. Elle travaille aussi dans une \u00e9cole Montessori ainsi qu\u2019en Haute \u00e9cole p\u00e9dagogique. Elle poss\u00e8de \u00e9galement une tr\u00e8s bonne vision du syst\u00e8me scolaire romand et peut ainsi orienter les parents sur les choix d\u2019\u00e9coles qui s\u2019offrent \u00e0 eux en fonction de leurs besoins.<br \/>\nLangues parl\u00e9es\u00a0: fran\u00e7ais, allemand et anglais.<\/p>\n<p><strong><span class=\"alignnone\"><img loading=\"lazy\" decoding=\"async\" class=\"alignnone wp-image-28967 size-medium\" src=\"https:\/\/web2.schoolaboo.com\/wp-content\/uploads\/2021\/08\/Georg-Profil-500x400.jpg\" alt=\"\" width=\"500\" height=\"400\" srcset=\"https:\/\/web2.schoolaboo.com\/wp-content\/uploads\/2021\/08\/Georg-Profil-500x400.jpg 500w, https:\/\/web2.schoolaboo.com\/wp-content\/uploads\/2021\/08\/Georg-Profil-1500x1200.jpg 1500w, https:\/\/web2.schoolaboo.com\/wp-content\/uploads\/2021\/08\/Georg-Profil-768x614.jpg 768w, https:\/\/web2.schoolaboo.com\/wp-content\/uploads\/2021\/08\/Georg-Profil-1536x1229.jpg 1536w, https:\/\/web2.schoolaboo.com\/wp-content\/uploads\/2021\/08\/Georg-Profil-2048x1638.jpg 2048w, https:\/\/web2.schoolaboo.com\/wp-content\/uploads\/2021\/08\/Georg-Profil-450x360.jpg 450w, https:\/\/web2.schoolaboo.com\/wp-content\/uploads\/2021\/08\/Georg-Profil-1000x800.jpg 1000w\" sizes=\"auto, (max-width: 500px) 100vw, 500px\" \/><\/span><br \/>\nGeorg Krause<\/strong><br \/>\nGeorg Krause a trouv\u00e9 sa vocation en 2007 et est coach ind\u00e9pendant depuis plus de 12 ans, sp\u00e9cialis\u00e9 dans le changement de comportement au fil du temps. Apr\u00e8s avoir suivi une formation compl\u00e9mentaire en 2014 et avoir \u00e9t\u00e9 certifi\u00e9 hypnoth\u00e9rapeute en 2018, il dispose d\u00e9sormais d&rsquo;un large \u00e9ventail d&rsquo;outils pour aider individuellement les \u00e9l\u00e8ves ou \u00e9tudiants dans leurs difficult\u00e9s d&rsquo;apprentissage ou de concentration, leurs peurs ou blocages ainsi que dans leur comportement social et pour signaler de nouvelles fa\u00e7ons. En outre, il a \u00e9t\u00e9 pendant plusieurs ann\u00e9es professeur d&rsquo;allemand pour enfants, adolescents et adultes et a suivi une formation d&rsquo;\u00e9ducateur d&rsquo;adultes. Parall\u00e8lement, il utilise \u00e9galement des m\u00e9thodes de coaching classiques pour assurer un accompagnement holistique. Gr\u00e2ce \u00e0 la combinaison du coaching et de la r\u00e9solution simultan\u00e9e des comportements ind\u00e9sirables avec sa m\u00e9thodologie, le processus de changement est rapide, efficace et durable.<br \/>\nLangues : allemand, fran\u00e7ais et anglais<\/p>\n<p><strong>Nous sommes constamment \u00e0 la recherche de mentors engag\u00e9s et comp\u00e9tents, mais recherchons aussi des conseiller\u00b7\u00e8res motiv\u00e9\u00b7es en orientation professionnelle et universitaire\u00a0!<\/strong><br \/>\n<strong>Veuillez nous contacter\u00a0:<\/strong>\u00a0\u00a0<strong>info@schoolaboo.ch<\/strong><\/p>\n<\/div>\n","protected":false},"excerpt":{"rendered":"<p>Conseils pour les jeunes L&rsquo;art du mentorat consiste \u00e0 donner \u00e0 la personne accompagn\u00e9e tous les instruments lui permettant de r\u00e9soudre un probl\u00e8me elle-m\u00eame ou suivre le mode de vie qui lui convient. Cela s&rsquo;applique tant au parcours \u00e9ducatif individuel qu&rsquo;aux d\u00e9fis de la vie quotidienne. Au cours de la conversation, le mentor d\u00e9couvre quel [&hellip;]<\/p>\n","protected":false},"author":2,"featured_media":23674,"parent":0,"menu_order":0,"comment_status":"closed","ping_status":"closed","template":"","meta":{"content-type":"","footnotes":""},"class_list":["post-24053","page","type-page","status-publish","has-post-thumbnail","hentry"],"yoast_head":"<!-- This site is optimized with the Yoast SEO Premium plugin v23.3 (Yoast SEO v27.4) - https:\/\/yoast.com\/product\/yoast-seo-premium-wordpress\/ -->\n<title>Conseils pour les parents et les jeunes - Privatschul Verzeichnis und Beratung<\/title>\n<meta name=\"description\" content=\"Conseils de s\u00e9lection d&#039;\u00e9coles par des \u00e9ducateurs ind\u00e9pendants, des coachs. Coaching de choix de carri\u00e8re, conseil \u00e9tudiant, conseil \u00e9cole priv\u00e9e, coach d&#039;apprentissage\" \/>\n<meta name=\"robots\" content=\"noindex, follow, max-snippet:-1, max-image-preview:large, max-video-preview:-1\" \/>\n<meta property=\"og:locale\" content=\"fr_FR\" \/>\n<meta property=\"og:type\" content=\"article\" \/>\n<meta property=\"og:title\" content=\"Conseils pour les parents et les jeunes\" \/>\n<meta property=\"og:description\" content=\"Conseils de s\u00e9lection d&#039;\u00e9coles par des \u00e9ducateurs ind\u00e9pendants, des coachs. Coaching de choix de carri\u00e8re, conseil \u00e9tudiant, conseil \u00e9cole priv\u00e9e, coach d&#039;apprentissage\" \/>\n<meta property=\"og:url\" content=\"https:\/\/web2.schoolaboo.com\/fr\/conseils-pour-les-parents-et-les-jeunes-2\/\" \/>\n<meta property=\"og:site_name\" content=\"Privatschul Verzeichnis und Beratung\" \/>\n<meta property=\"article:publisher\" content=\"https:\/\/www.facebook.com\/schoolaboo\" \/>\n<meta property=\"article:modified_time\" content=\"2022-07-26T14:44:49+00:00\" \/>\n<meta property=\"og:image\" content=\"https:\/\/web2.schoolaboo.com\/wp-content\/uploads\/2020\/09\/board-784363_1920.jpg\" \/>\n\t<meta property=\"og:image:width\" content=\"1920\" \/>\n\t<meta property=\"og:image:height\" content=\"1371\" \/>\n\t<meta property=\"og:image:type\" content=\"image\/jpeg\" \/>\n<meta name=\"twitter:card\" content=\"summary_large_image\" \/>\n<meta name=\"twitter:label1\" content=\"Dur\u00e9e de lecture estim\u00e9e\" \/>\n\t<meta name=\"twitter:data1\" content=\"10 minutes\" \/>\n<script type=\"application\/ld+json\" class=\"yoast-schema-graph\">{\"@context\":\"https:\\\/\\\/schema.org\",\"@graph\":[{\"@type\":\"WebPage\",\"@id\":\"https:\\\/\\\/web2.schoolaboo.com\\\/fr\\\/conseils-pour-les-parents-et-les-jeunes-2\\\/\",\"url\":\"https:\\\/\\\/web2.schoolaboo.com\\\/fr\\\/conseils-pour-les-parents-et-les-jeunes-2\\\/\",\"name\":\"Conseils pour les parents et les jeunes - Privatschul Verzeichnis und Beratung\",\"isPartOf\":{\"@id\":\"https:\\\/\\\/web2.schoolaboo.com\\\/fr\\\/#website\"},\"primaryImageOfPage\":{\"@id\":\"https:\\\/\\\/web2.schoolaboo.com\\\/fr\\\/conseils-pour-les-parents-et-les-jeunes-2\\\/#primaryimage\"},\"image\":{\"@id\":\"https:\\\/\\\/web2.schoolaboo.com\\\/fr\\\/conseils-pour-les-parents-et-les-jeunes-2\\\/#primaryimage\"},\"thumbnailUrl\":\"https:\\\/\\\/web2.schoolaboo.com\\\/wp-content\\\/uploads\\\/2020\\\/09\\\/board-784363_1920.jpg\",\"datePublished\":\"2020-12-29T15:28:51+00:00\",\"dateModified\":\"2022-07-26T14:44:49+00:00\",\"description\":\"Conseils de s\u00e9lection d'\u00e9coles par des \u00e9ducateurs ind\u00e9pendants, des coachs. Coaching de choix de carri\u00e8re, conseil \u00e9tudiant, conseil \u00e9cole priv\u00e9e, coach d'apprentissage\",\"breadcrumb\":{\"@id\":\"https:\\\/\\\/web2.schoolaboo.com\\\/fr\\\/conseils-pour-les-parents-et-les-jeunes-2\\\/#breadcrumb\"},\"inLanguage\":\"fr-FR\",\"potentialAction\":[{\"@type\":\"ReadAction\",\"target\":[\"https:\\\/\\\/web2.schoolaboo.com\\\/fr\\\/conseils-pour-les-parents-et-les-jeunes-2\\\/\"]}]},{\"@type\":\"ImageObject\",\"inLanguage\":\"fr-FR\",\"@id\":\"https:\\\/\\\/web2.schoolaboo.com\\\/fr\\\/conseils-pour-les-parents-et-les-jeunes-2\\\/#primaryimage\",\"url\":\"https:\\\/\\\/web2.schoolaboo.com\\\/wp-content\\\/uploads\\\/2020\\\/09\\\/board-784363_1920.jpg\",\"contentUrl\":\"https:\\\/\\\/web2.schoolaboo.com\\\/wp-content\\\/uploads\\\/2020\\\/09\\\/board-784363_1920.jpg\",\"width\":1920,\"height\":1371},{\"@type\":\"BreadcrumbList\",\"@id\":\"https:\\\/\\\/web2.schoolaboo.com\\\/fr\\\/conseils-pour-les-parents-et-les-jeunes-2\\\/#breadcrumb\",\"itemListElement\":[{\"@type\":\"ListItem\",\"position\":1,\"name\":\"Startseite\",\"item\":\"https:\\\/\\\/web2.schoolaboo.com\\\/fr\\\/\"},{\"@type\":\"ListItem\",\"position\":2,\"name\":\"Conseils pour les parents et les jeunes\"}]},{\"@type\":\"WebSite\",\"@id\":\"https:\\\/\\\/web2.schoolaboo.com\\\/fr\\\/#website\",\"url\":\"https:\\\/\\\/web2.schoolaboo.com\\\/fr\\\/\",\"name\":\"schoolaboo Schule suchen und finden\",\"description\":\"Privatschule finden und vergleichen\",\"publisher\":{\"@id\":\"https:\\\/\\\/web2.schoolaboo.com\\\/fr\\\/#organization\"},\"potentialAction\":[{\"@type\":\"SearchAction\",\"target\":{\"@type\":\"EntryPoint\",\"urlTemplate\":\"https:\\\/\\\/web2.schoolaboo.com\\\/fr\\\/?s={search_term_string}\"},\"query-input\":{\"@type\":\"PropertyValueSpecification\",\"valueRequired\":true,\"valueName\":\"search_term_string\"}}],\"inLanguage\":\"fr-FR\"},{\"@type\":\"Organization\",\"@id\":\"https:\\\/\\\/web2.schoolaboo.com\\\/fr\\\/#organization\",\"name\":\"schoolaboo\",\"url\":\"https:\\\/\\\/web2.schoolaboo.com\\\/fr\\\/\",\"logo\":{\"@type\":\"ImageObject\",\"inLanguage\":\"fr-FR\",\"@id\":\"https:\\\/\\\/web2.schoolaboo.com\\\/fr\\\/#\\\/schema\\\/logo\\\/image\\\/\",\"url\":\"https:\\\/\\\/web2.schoolaboo.com\\\/wp-content\\\/uploads\\\/2025\\\/04\\\/schoolaboo_Signet_RGB_pos_72dpi.jpg\",\"contentUrl\":\"https:\\\/\\\/web2.schoolaboo.com\\\/wp-content\\\/uploads\\\/2025\\\/04\\\/schoolaboo_Signet_RGB_pos_72dpi.jpg\",\"width\":262,\"height\":86,\"caption\":\"schoolaboo\"},\"image\":{\"@id\":\"https:\\\/\\\/web2.schoolaboo.com\\\/fr\\\/#\\\/schema\\\/logo\\\/image\\\/\"},\"sameAs\":[\"https:\\\/\\\/www.facebook.com\\\/schoolaboo\",\"https:\\\/\\\/www.linkedin.com\\\/showcase\\\/schoolaboo\"]}]}<\/script>\n<!-- \/ Yoast SEO Premium plugin. -->","yoast_head_json":{"title":"Conseils pour les parents et les jeunes - Privatschul Verzeichnis und Beratung","description":"Conseils de s\u00e9lection d'\u00e9coles par des \u00e9ducateurs ind\u00e9pendants, des coachs. Coaching de choix de carri\u00e8re, conseil \u00e9tudiant, conseil \u00e9cole priv\u00e9e, coach d'apprentissage","robots":{"index":"noindex","follow":"follow","max-snippet":"max-snippet:-1","max-image-preview":"max-image-preview:large","max-video-preview":"max-video-preview:-1"},"og_locale":"fr_FR","og_type":"article","og_title":"Conseils pour les parents et les jeunes","og_description":"Conseils de s\u00e9lection d'\u00e9coles par des \u00e9ducateurs ind\u00e9pendants, des coachs. Coaching de choix de carri\u00e8re, conseil \u00e9tudiant, conseil \u00e9cole priv\u00e9e, coach d'apprentissage","og_url":"https:\/\/web2.schoolaboo.com\/fr\/conseils-pour-les-parents-et-les-jeunes-2\/","og_site_name":"Privatschul Verzeichnis und Beratung","article_publisher":"https:\/\/www.facebook.com\/schoolaboo","article_modified_time":"2022-07-26T14:44:49+00:00","og_image":[{"width":1920,"height":1371,"url":"https:\/\/web2.schoolaboo.com\/wp-content\/uploads\/2020\/09\/board-784363_1920.jpg","type":"image\/jpeg"}],"twitter_card":"summary_large_image","twitter_misc":{"Dur\u00e9e de lecture estim\u00e9e":"10 minutes"},"schema":{"@context":"https:\/\/schema.org","@graph":[{"@type":"WebPage","@id":"https:\/\/web2.schoolaboo.com\/fr\/conseils-pour-les-parents-et-les-jeunes-2\/","url":"https:\/\/web2.schoolaboo.com\/fr\/conseils-pour-les-parents-et-les-jeunes-2\/","name":"Conseils pour les parents et les jeunes - Privatschul Verzeichnis und Beratung","isPartOf":{"@id":"https:\/\/web2.schoolaboo.com\/fr\/#website"},"primaryImageOfPage":{"@id":"https:\/\/web2.schoolaboo.com\/fr\/conseils-pour-les-parents-et-les-jeunes-2\/#primaryimage"},"image":{"@id":"https:\/\/web2.schoolaboo.com\/fr\/conseils-pour-les-parents-et-les-jeunes-2\/#primaryimage"},"thumbnailUrl":"https:\/\/web2.schoolaboo.com\/wp-content\/uploads\/2020\/09\/board-784363_1920.jpg","datePublished":"2020-12-29T15:28:51+00:00","dateModified":"2022-07-26T14:44:49+00:00","description":"Conseils de s\u00e9lection d'\u00e9coles par des \u00e9ducateurs ind\u00e9pendants, des coachs. Coaching de choix de carri\u00e8re, conseil \u00e9tudiant, conseil \u00e9cole priv\u00e9e, coach d'apprentissage","breadcrumb":{"@id":"https:\/\/web2.schoolaboo.com\/fr\/conseils-pour-les-parents-et-les-jeunes-2\/#breadcrumb"},"inLanguage":"fr-FR","potentialAction":[{"@type":"ReadAction","target":["https:\/\/web2.schoolaboo.com\/fr\/conseils-pour-les-parents-et-les-jeunes-2\/"]}]},{"@type":"ImageObject","inLanguage":"fr-FR","@id":"https:\/\/web2.schoolaboo.com\/fr\/conseils-pour-les-parents-et-les-jeunes-2\/#primaryimage","url":"https:\/\/web2.schoolaboo.com\/wp-content\/uploads\/2020\/09\/board-784363_1920.jpg","contentUrl":"https:\/\/web2.schoolaboo.com\/wp-content\/uploads\/2020\/09\/board-784363_1920.jpg","width":1920,"height":1371},{"@type":"BreadcrumbList","@id":"https:\/\/web2.schoolaboo.com\/fr\/conseils-pour-les-parents-et-les-jeunes-2\/#breadcrumb","itemListElement":[{"@type":"ListItem","position":1,"name":"Startseite","item":"https:\/\/web2.schoolaboo.com\/fr\/"},{"@type":"ListItem","position":2,"name":"Conseils pour les parents et les jeunes"}]},{"@type":"WebSite","@id":"https:\/\/web2.schoolaboo.com\/fr\/#website","url":"https:\/\/web2.schoolaboo.com\/fr\/","name":"schoolaboo Schule suchen und finden","description":"Privatschule finden und vergleichen","publisher":{"@id":"https:\/\/web2.schoolaboo.com\/fr\/#organization"},"potentialAction":[{"@type":"SearchAction","target":{"@type":"EntryPoint","urlTemplate":"https:\/\/web2.schoolaboo.com\/fr\/?s={search_term_string}"},"query-input":{"@type":"PropertyValueSpecification","valueRequired":true,"valueName":"search_term_string"}}],"inLanguage":"fr-FR"},{"@type":"Organization","@id":"https:\/\/web2.schoolaboo.com\/fr\/#organization","name":"schoolaboo","url":"https:\/\/web2.schoolaboo.com\/fr\/","logo":{"@type":"ImageObject","inLanguage":"fr-FR","@id":"https:\/\/web2.schoolaboo.com\/fr\/#\/schema\/logo\/image\/","url":"https:\/\/web2.schoolaboo.com\/wp-content\/uploads\/2025\/04\/schoolaboo_Signet_RGB_pos_72dpi.jpg","contentUrl":"https:\/\/web2.schoolaboo.com\/wp-content\/uploads\/2025\/04\/schoolaboo_Signet_RGB_pos_72dpi.jpg","width":262,"height":86,"caption":"schoolaboo"},"image":{"@id":"https:\/\/web2.schoolaboo.com\/fr\/#\/schema\/logo\/image\/"},"sameAs":["https:\/\/www.facebook.com\/schoolaboo","https:\/\/www.linkedin.com\/showcase\/schoolaboo"]}]}},"_links":{"self":[{"href":"https:\/\/web2.schoolaboo.com\/fr\/wp-json\/wp\/v2\/pages\/24053","targetHints":{"allow":["GET"]}}],"collection":[{"href":"https:\/\/web2.schoolaboo.com\/fr\/wp-json\/wp\/v2\/pages"}],"about":[{"href":"https:\/\/web2.schoolaboo.com\/fr\/wp-json\/wp\/v2\/types\/page"}],"author":[{"embeddable":true,"href":"https:\/\/web2.schoolaboo.com\/fr\/wp-json\/wp\/v2\/users\/2"}],"replies":[{"embeddable":true,"href":"https:\/\/web2.schoolaboo.com\/fr\/wp-json\/wp\/v2\/comments?post=24053"}],"version-history":[{"count":11,"href":"https:\/\/web2.schoolaboo.com\/fr\/wp-json\/wp\/v2\/pages\/24053\/revisions"}],"predecessor-version":[{"id":29859,"href":"https:\/\/web2.schoolaboo.com\/fr\/wp-json\/wp\/v2\/pages\/24053\/revisions\/29859"}],"wp:featuredmedia":[{"embeddable":true,"href":"https:\/\/web2.schoolaboo.com\/fr\/wp-json\/wp\/v2\/media\/23674"}],"wp:attachment":[{"href":"https:\/\/web2.schoolaboo.com\/fr\/wp-json\/wp\/v2\/media?parent=24053"}],"curies":[{"name":"wp","href":"https:\/\/api.w.org\/{rel}","templated":true}]}}